{"id":1838,"date":"2021-10-26T09:06:51","date_gmt":"2021-10-26T09:06:51","guid":{"rendered":"https:\/\/www.xsmetalforming.com\/?post_type=product&#038;p=1838"},"modified":"2022-08-25T08:44:59","modified_gmt":"2022-08-25T08:44:59","slug":"custom-alloy-material-flat-spring-clip","status":"publish","type":"product","link":"https:\/\/www.metalwireforms.com\/de\/produkt\/custom-alloy-material-flat-spring-clip","title":{"rendered":"Benutzerdefinierte Legierung Material Stanzen flach Fr\u00fchling Clip"},"content":{"rendered":"<p>Es gibt verschiedene Formen von Flachfederklammern, die h\u00e4ufigste ist rechteckig. Da die Flachfederklammern Vibrationen und langfristigen Arbeitsbedingungen ausgesetzt sind, wie z. B. der Wirkung der Lagerkraft, sind die Anforderungen an die Flachfederklammern besonders hoch. Die Erm\u00fcdungsgrenze der Flachfederklammern muss hoch sein, und die Elastizit\u00e4tsgrenze ist besser. Dar\u00fcber hinaus muss sie eine ausreichende Z\u00e4higkeit aufweisen. Die Herstellung eines Federblattes ist also nicht einfach. Au\u00dferdem m\u00fcssen die Flachfederklammern nach ihrer Herstellung wissenschaftlich gepr\u00fcft werden, bevor sie auf den Markt kommen und in den Handel gelangen k\u00f6nnen.<\/p>\n<figure id=\"attachment_1843\" aria-describedby=\"caption-attachment-1843\" style=\"width: 964px\" class=\"wp-caption alignnone\"><img fetchpriority=\"high\" decoding=\"async\" class=\"size-full wp-image-1843\" src=\"https:\/\/www.metalwireforms.com\/wp-content\/uploads\/2021\/10\/flat-spring-clip.jpg\" alt=\"Flachfederklemme\" width=\"964\" height=\"552\" srcset=\"https:\/\/www.metalwireforms.com\/wp-content\/uploads\/2021\/10\/flat-spring-clip.jpg 964w, https:\/\/www.metalwireforms.com\/wp-content\/uploads\/2021\/10\/flat-spring-clip-300x172.jpg 300w, https:\/\/www.metalwireforms.com\/wp-content\/uploads\/2021\/10\/flat-spring-clip-150x86.jpg 150w, https:\/\/www.metalwireforms.com\/wp-content\/uploads\/2021\/10\/flat-spring-clip-768x440.jpg 768w, https:\/\/www.metalwireforms.com\/wp-content\/uploads\/2021\/10\/flat-spring-clip-18x10.jpg 18w, https:\/\/www.metalwireforms.com\/wp-content\/uploads\/2021\/10\/flat-spring-clip-600x344.jpg 600w\" sizes=\"(max-width: 964px) 100vw, 964px\" \/><figcaption id=\"caption-attachment-1843\" class=\"wp-caption-text\">Flachfederklemme<\/figcaption><\/figure>\n<h3>Merkmal<\/h3>\n<p>Die Flachfederklemme zeichnet sich dadurch aus, dass sie sich in einer Richtung - der Ebene der Mindeststeifigkeit - leicht biegen l\u00e4sst und in der anderen Richtung eine hohe Zug- und Biegesteifigkeit aufweist. Daher eignet sich die Flachfederklemme sehr gut als empfindliches Bauteil, elastische St\u00fctze, Positioniervorrichtung, flexible Verbindung usw. in Erfassungsinstrumenten oder automatischen Ger\u00e4ten.<\/p>\n<p>Das Material der Flachfederklammer muss im Allgemeinen eine hohe Elastizit\u00e4tsgrenze, Erm\u00fcdungsgrenze, Schlagz\u00e4higkeit und gute W\u00e4rmebehandlungseigenschaften aufweisen. Daher sind die allgemein verwendeten Federn aus Kohlenstoff Schrapnell, Legierung Schrapnell, Edelstahl Schrapnell, Kupfer-Legierung und so weiter gemacht.<\/p>\n<h3>Anmeldung<\/h3>\n<p>Hardware-Flachfederklemmen sind eine Art elastisches Element, das im Allgemeinen aus Kupfer, Eisen, Edelstahl und anderen Materialien besteht. Es wird haupts\u00e4chlich verwendet, um die Bewegung von Teilen zu kontrollieren, St\u00f6\u00dfe oder Vibrationen zu d\u00e4mpfen, Energie zu speichern und Kraft zu messen. Hardware-Splitter sind derzeit weit verbreitet in der Instrumentierung, Autos, Haushaltsger\u00e4te, Mobiltelefone, Schalter, Spielzeug, M\u00f6bel, digitale Produkte, intelligente Ger\u00e4te, Werkzeugmaschinen, elektronische Maschinen und anderen Bereichen.<\/p>","protected":false},"excerpt":{"rendered":"<p>Hardware-Flachfederklemmen sind eine Art elastisches Element, das im Allgemeinen aus Kupfer, Eisen, Edelstahl und anderen Materialien besteht. Sie wird haupts\u00e4chlich verwendet, um die Bewegung von Teilen zu kontrollieren, St\u00f6\u00dfe oder Vibrationen zu d\u00e4mpfen, Energie zu speichern und Kraft zu messen.<\/p>","protected":false},"featured_media":1839,"template":"","meta":{"ocean_post_layout":"","ocean_both_sidebars_style":"","ocean_both_sidebars_content_width":0,"ocean_both_sidebars_sidebars_width":0,"ocean_sidebar":"0","ocean_second_sidebar":"0","ocean_disable_margins":"enable","ocean_add_body_class":"","ocean_shortcode_before_top_bar":"","ocean_shortcode_after_top_bar":"","ocean_shortcode_before_header":"","ocean_shortcode_after_header":"","ocean_has_shortcode":"","ocean_shortcode_after_title":"","ocean_shortcode_before_footer_widgets":"","ocean_shortcode_after_footer_widgets":"","ocean_shortcode_before_footer_bottom":"","ocean_shortcode_after_footer_bottom":"","ocean_display_top_bar":"default","ocean_display_header":"default","ocean_header_style":"","ocean_center_header_left_menu":"0","ocean_custom_header_template":"0","ocean_custom_logo":0,"ocean_custom_retina_logo":0,"ocean_custom_logo_max_width":0,"ocean_custom_logo_tablet_max_width":0,"ocean_custom_logo_mobile_max_width":0,"ocean_custom_logo_max_height":0,"ocean_custom_logo_tablet_max_height":0,"ocean_custom_logo_mobile_max_height":0,"ocean_header_custom_menu":"0","ocean_menu_typo_font_family":"0","ocean_menu_typo_font_subset":"","ocean_menu_typo_font_size":0,"ocean_menu_typo_font_size_tablet":0,"ocean_menu_typo_font_size_mobile":0,"ocean_menu_typo_font_size_unit":"px","ocean_menu_typo_font_weight":"","ocean_menu_typo_font_weight_tablet":"","ocean_menu_typo_font_weight_mobile":"","ocean_menu_typo_transform":"","ocean_menu_typo_transform_tablet":"","ocean_menu_typo_transform_mobile":"","ocean_menu_typo_line_height":0,"ocean_menu_typo_line_height_tablet":0,"ocean_menu_typo_line_height_mobile":0,"ocean_menu_typo_line_height_unit":"","ocean_menu_typo_spacing":0,"ocean_menu_typo_spacing_tablet":0,"ocean_menu_typo_spacing_mobile":0,"ocean_menu_typo_spacing_unit":"","ocean_menu_link_color":"","ocean_menu_link_color_hover":"","ocean_menu_link_color_active":"","ocean_menu_link_background":"","ocean_menu_link_hover_background":"","ocean_menu_link_active_background":"","ocean_menu_social_links_bg":"","ocean_menu_social_hover_links_bg":"","ocean_menu_social_links_color":"","ocean_menu_social_hover_links_color":"","ocean_disable_title":"default","ocean_disable_heading":"default","ocean_post_title":"","ocean_post_subheading":"","ocean_post_title_style":"","ocean_post_title_background_color":"","ocean_post_title_background":0,"ocean_post_title_bg_image_position":"","ocean_post_title_bg_image_attachment":"","ocean_post_title_bg_image_repeat":"","ocean_post_title_bg_image_size":"","ocean_post_title_height":0,"ocean_post_title_bg_overlay":0.5,"ocean_post_title_bg_overlay_color":"","ocean_disable_breadcrumbs":"default","ocean_breadcrumbs_color":"","ocean_breadcrumbs_separator_color":"","ocean_breadcrumbs_links_color":"","ocean_breadcrumbs_links_hover_color":"","ocean_display_footer_widgets":"default","ocean_display_footer_bottom":"default","ocean_custom_footer_template":"0","ofc_meta_disable_footer_callout":"","ofc_meta_callout_button_url":"","ofc_meta_callout_button_txt":"","ofc_meta_callout_text":"","osh_disable_topbar_sticky":"default","osh_disable_header_sticky":"default","osh_sticky_header_style":"default","osh_sticky_header_effect":"","osh_custom_sticky_logo":0,"osh_custom_retina_sticky_logo":0,"osh_custom_sticky_logo_height":0,"osh_background_color":"","osh_links_color":"","osh_links_hover_color":"","osh_links_active_color":"","osh_links_bg_color":"","osh_links_hover_bg_color":"","osh_links_active_bg_color":"","osh_menu_social_links_color":"","osh_menu_social_hover_links_color":""},"product_brand":[],"product_cat":[182,145],"product_tag":[105,78,114],"class_list":{"0":"post-1838","1":"product","2":"type-product","3":"status-publish","4":"has-post-thumbnail","6":"product_cat-custom-spring-clips","7":"product_cat-custom-wire-fasteners","8":"product_tag-flat-spring","9":"product_tag-metal-clip","10":"product_tag-spring-clip","12":"entry","13":"has-media","15":"first","16":"instock","17":"shipping-taxable","18":"product-type-external","19":"col","20":"span_1_of_3","21":"owp-content-center","22":"owp-thumbs-layout-horizontal","23":"owp-btn-very-big","24":"owp-tabs-layout-horizontal","25":"circle-sale"},"_links":{"self":[{"href":"https:\/\/www.metalwireforms.com\/de\/wp-json\/wp\/v2\/product\/1838","targetHints":{"allow":["GET"]}}],"collection":[{"href":"https:\/\/www.metalwireforms.com\/de\/wp-json\/wp\/v2\/product"}],"about":[{"href":"https:\/\/www.metalwireforms.com\/de\/wp-json\/wp\/v2\/types\/product"}],"version-history":[{"count":2,"href":"https:\/\/www.metalwireforms.com\/de\/wp-json\/wp\/v2\/product\/1838\/revisions"}],"predecessor-version":[{"id":1889,"href":"https:\/\/www.metalwireforms.com\/de\/wp-json\/wp\/v2\/product\/1838\/revisions\/1889"}],"wp:featuredmedia":[{"embeddable":true,"href":"https:\/\/www.metalwireforms.com\/de\/wp-json\/wp\/v2\/media\/1839"}],"wp:attachment":[{"href":"https:\/\/www.metalwireforms.com\/de\/wp-json\/wp\/v2\/media?parent=1838"}],"wp:term":[{"taxonomy":"product_brand","embeddable":true,"href":"https:\/\/www.metalwireforms.com\/de\/wp-json\/wp\/v2\/product_brand?post=1838"},{"taxonomy":"product_cat","embeddable":true,"href":"https:\/\/www.metalwireforms.com\/de\/wp-json\/wp\/v2\/product_cat?post=1838"},{"taxonomy":"product_tag","embeddable":true,"href":"https:\/\/www.metalwireforms.com\/de\/wp-json\/wp\/v2\/product_tag?post=1838"}],"curies":[{"name":"wp","href":"https:\/\/api.w.org\/{rel}","templated":true}]}}