{"id":1823,"date":"2021-10-25T08:20:58","date_gmt":"2021-10-25T08:20:58","guid":{"rendered":"https:\/\/www.xsmetalforming.com\/?post_type=product&#038;p=1823"},"modified":"2022-07-25T03:45:58","modified_gmt":"2022-07-25T03:45:58","slug":"custom-double-hook-metal-extension-spring","status":"publish","type":"product","link":"https:\/\/www.metalwireforms.com\/de\/produkt\/custom-double-hook-metal-extension-spring","title":{"rendered":"Kundenspezifische Doppelhaken-Metall-Zugfeder"},"content":{"rendered":"<p>Die Zugfeder geh\u00f6rt zu dieser Art von Schraubenfeder, die auch \"Zugfeder, Spiralzugfeder usw.\" genannt werden kann. Jeder nennt sie anders, und sie ist eine unverzichtbare Feder in unserem t\u00e4glichen Leben. Sie ist eine Art Schraubenfeder, die eine axiale Spannung aus\u00fcbt. Der Unterschied zur Druckfeder ist, dass die Druckfeder eine Art Schraubenfeder ist, die axialen Druck aus\u00fcbt. Das Material der Zugfeder besteht im Allgemeinen aus einem Material mit rundem Querschnitt. Der Unterschied zur Druckfeder besteht darin, dass es auf beiden Seiten zwei weitere \"Haken\" gibt. Wenn der Ring nicht unter axialer Spannung steht, befinden sich der Ring und der Ring in einem geschlossenen Zustand.<\/p>\n<p>&nbsp;<\/p>\n<figure id=\"attachment_1828\" aria-describedby=\"caption-attachment-1828\" style=\"width: 960px\" class=\"wp-caption alignnone\"><img fetchpriority=\"high\" decoding=\"async\" class=\"size-full wp-image-1828\" src=\"https:\/\/www.metalwireforms.com\/wp-content\/uploads\/2021\/10\/extension-spring.jpg\" alt=\"Zugfeder\" width=\"960\" height=\"781\" srcset=\"https:\/\/www.metalwireforms.com\/wp-content\/uploads\/2021\/10\/extension-spring.jpg 960w, https:\/\/www.metalwireforms.com\/wp-content\/uploads\/2021\/10\/extension-spring-300x244.jpg 300w, https:\/\/www.metalwireforms.com\/wp-content\/uploads\/2021\/10\/extension-spring-150x122.jpg 150w, https:\/\/www.metalwireforms.com\/wp-content\/uploads\/2021\/10\/extension-spring-768x625.jpg 768w, https:\/\/www.metalwireforms.com\/wp-content\/uploads\/2021\/10\/extension-spring-15x12.jpg 15w, https:\/\/www.metalwireforms.com\/wp-content\/uploads\/2021\/10\/extension-spring-600x488.jpg 600w\" sizes=\"(max-width: 960px) 100vw, 960px\" \/><figcaption id=\"caption-attachment-1828\" class=\"wp-caption-text\">Zugfeder<\/figcaption><\/figure>\n<h3>Merkmal<\/h3>\n<p>Wenn die Feder einer \u00e4u\u00dferen Kraft ausgesetzt wird, erzeugt sie viel Elastizit\u00e4t, um sie zu verformen. Daher ist das Funktionsprinzip einer Zugfeder dem einer Druckfeder entgegengesetzt. Die Druckfeder wirkt in die entgegengesetzte Richtung, wenn sie fest zusammengedr\u00fcckt wird, w\u00e4hrend die Zugfeder in die entgegengesetzte Richtung wirkt, wenn sie gedehnt oder gezogen wird. Wenn die beiden Enden der Zugfeder auseinandergezogen werden, zieht die Feder sie zusammen. Genau wie eine Druckfeder. Zugfedern absorbieren und speichern ebenfalls Energie, aber im Gegensatz zu Druckfedern weisen sie eine relativ gro\u00dfe Elastizit\u00e4t auf, da sie \u00e4u\u00dferen Kr\u00e4ften ausgesetzt sind, um sie zu verformen. Daher werden Zugfedern h\u00e4ufig als elastische Elemente in Flugzeugen verwendet.<\/p>\n<h3>Anmeldung<\/h3>\n<p>1. Steuerung der Bewegung von Maschinen, z. B. Ventilfedern in Verbrennungsmotoren, Steuerfedern in Kupplungen usw.<br \/>\n2. Absorption von Schwingungs- und Sto\u00dfenergie, z. B. Pufferfedern unter Wagen und Z\u00fcgen, schwingungsd\u00e4mpfende Federn in Kupplungen usw.<br \/>\n3. Energie speichern und als Leistung abgeben, z. B. Uhrenfedern, Federn in Schusswaffen usw.<br \/>\n4. Wird als Kraftmesselement verwendet, wie z. B. ein Dynamometer, eine Feder in einer Federwaage usw. Das Verh\u00e4ltnis von Federkraft zu Verformung wird als Federsteifigkeit bezeichnet. Je gr\u00f6\u00dfer die Steifigkeit ist, desto h\u00e4rter ist die Feder.<\/p>","protected":false},"excerpt":{"rendered":"<p>Die Zugfeder geh\u00f6rt zu dieser Art von Schraubenfeder, die auch \"Zugfeder, Spiralzugfeder usw.\" genannt werden kann. Jeder nennt sie anders, und sie ist eine unverzichtbare Feder in unserem t\u00e4glichen Leben.<\/p>","protected":false},"featured_media":1824,"template":"","meta":{"ocean_post_layout":"","ocean_both_sidebars_style":"","ocean_both_sidebars_content_width":0,"ocean_both_sidebars_sidebars_width":0,"ocean_sidebar":"0","ocean_second_sidebar":"0","ocean_disable_margins":"enable","ocean_add_body_class":"","ocean_shortcode_before_top_bar":"","ocean_shortcode_after_top_bar":"","ocean_shortcode_before_header":"","ocean_shortcode_after_header":"","ocean_has_shortcode":"","ocean_shortcode_after_title":"","ocean_shortcode_before_footer_widgets":"","ocean_shortcode_after_footer_widgets":"","ocean_shortcode_before_footer_bottom":"","ocean_shortcode_after_footer_bottom":"","ocean_display_top_bar":"default","ocean_display_header":"default","ocean_header_style":"","ocean_center_header_left_menu":"0","ocean_custom_header_template":"0","ocean_custom_logo":0,"ocean_custom_retina_logo":0,"ocean_custom_logo_max_width":0,"ocean_custom_logo_tablet_max_width":0,"ocean_custom_logo_mobile_max_width":0,"ocean_custom_logo_max_height":0,"ocean_custom_logo_tablet_max_height":0,"ocean_custom_logo_mobile_max_height":0,"ocean_header_custom_menu":"0","ocean_menu_typo_font_family":"0","ocean_menu_typo_font_subset":"","ocean_menu_typo_font_size":0,"ocean_menu_typo_font_size_tablet":0,"ocean_menu_typo_font_size_mobile":0,"ocean_menu_typo_font_size_unit":"px","ocean_menu_typo_font_weight":"","ocean_menu_typo_font_weight_tablet":"","ocean_menu_typo_font_weight_mobile":"","ocean_menu_typo_transform":"","ocean_menu_typo_transform_tablet":"","ocean_menu_typo_transform_mobile":"","ocean_menu_typo_line_height":0,"ocean_menu_typo_line_height_tablet":0,"ocean_menu_typo_line_height_mobile":0,"ocean_menu_typo_line_height_unit":"","ocean_menu_typo_spacing":0,"ocean_menu_typo_spacing_tablet":0,"ocean_menu_typo_spacing_mobile":0,"ocean_menu_typo_spacing_unit":"","ocean_menu_link_color":"","ocean_menu_link_color_hover":"","ocean_menu_link_color_active":"","ocean_menu_link_background":"","ocean_menu_link_hover_background":"","ocean_menu_link_active_background":"","ocean_menu_social_links_bg":"","ocean_menu_social_hover_links_bg":"","ocean_menu_social_links_color":"","ocean_menu_social_hover_links_color":"","ocean_disable_title":"default","ocean_disable_heading":"default","ocean_post_title":"","ocean_post_subheading":"","ocean_post_title_style":"","ocean_post_title_background_color":"","ocean_post_title_background":0,"ocean_post_title_bg_image_position":"","ocean_post_title_bg_image_attachment":"","ocean_post_title_bg_image_repeat":"","ocean_post_title_bg_image_size":"","ocean_post_title_height":0,"ocean_post_title_bg_overlay":0.5,"ocean_post_title_bg_overlay_color":"","ocean_disable_breadcrumbs":"default","ocean_breadcrumbs_color":"","ocean_breadcrumbs_separator_color":"","ocean_breadcrumbs_links_color":"","ocean_breadcrumbs_links_hover_color":"","ocean_display_footer_widgets":"default","ocean_display_footer_bottom":"default","ocean_custom_footer_template":"0","ofc_meta_disable_footer_callout":"","ofc_meta_callout_button_url":"","ofc_meta_callout_button_txt":"","ofc_meta_callout_text":"","osh_disable_topbar_sticky":"default","osh_disable_header_sticky":"default","osh_sticky_header_style":"default","osh_sticky_header_effect":"","osh_custom_sticky_logo":0,"osh_custom_retina_sticky_logo":0,"osh_custom_sticky_logo_height":0,"osh_background_color":"","osh_links_color":"","osh_links_hover_color":"","osh_links_active_color":"","osh_links_bg_color":"","osh_links_hover_bg_color":"","osh_links_active_bg_color":"","osh_menu_social_links_color":"","osh_menu_social_hover_links_color":""},"product_brand":[],"product_cat":[144,27],"product_tag":[110],"class_list":{"0":"post-1823","1":"product","2":"type-product","3":"status-publish","4":"has-post-thumbnail","6":"product_cat-custom-springs","7":"product_cat-custom-tension-springs","8":"product_tag-extension-spring","10":"entry","11":"has-media","13":"first","14":"instock","15":"shipping-taxable","16":"product-type-external","17":"col","18":"span_1_of_3","19":"owp-content-center","20":"owp-thumbs-layout-horizontal","21":"owp-btn-very-big","22":"owp-tabs-layout-horizontal","23":"circle-sale"},"_links":{"self":[{"href":"https:\/\/www.metalwireforms.com\/de\/wp-json\/wp\/v2\/product\/1823","targetHints":{"allow":["GET"]}}],"collection":[{"href":"https:\/\/www.metalwireforms.com\/de\/wp-json\/wp\/v2\/product"}],"about":[{"href":"https:\/\/www.metalwireforms.com\/de\/wp-json\/wp\/v2\/types\/product"}],"version-history":[{"count":1,"href":"https:\/\/www.metalwireforms.com\/de\/wp-json\/wp\/v2\/product\/1823\/revisions"}],"predecessor-version":[{"id":1829,"href":"https:\/\/www.metalwireforms.com\/de\/wp-json\/wp\/v2\/product\/1823\/revisions\/1829"}],"wp:featuredmedia":[{"embeddable":true,"href":"https:\/\/www.metalwireforms.com\/de\/wp-json\/wp\/v2\/media\/1824"}],"wp:attachment":[{"href":"https:\/\/www.metalwireforms.com\/de\/wp-json\/wp\/v2\/media?parent=1823"}],"wp:term":[{"taxonomy":"product_brand","embeddable":true,"href":"https:\/\/www.metalwireforms.com\/de\/wp-json\/wp\/v2\/product_brand?post=1823"},{"taxonomy":"product_cat","embeddable":true,"href":"https:\/\/www.metalwireforms.com\/de\/wp-json\/wp\/v2\/product_cat?post=1823"},{"taxonomy":"product_tag","embeddable":true,"href":"https:\/\/www.metalwireforms.com\/de\/wp-json\/wp\/v2\/product_tag?post=1823"}],"curies":[{"name":"wp","href":"https:\/\/api.w.org\/{rel}","templated":true}]}}