{"id":1816,"date":"2021-10-25T07:30:53","date_gmt":"2021-10-25T07:30:53","guid":{"rendered":"https:\/\/www.xsmetalforming.com\/?post_type=product&#038;p=1816"},"modified":"2022-07-25T03:56:30","modified_gmt":"2022-07-25T03:56:30","slug":"customize-various-animal-shaped-paper-clips","status":"publish","type":"product","link":"https:\/\/www.metalwireforms.com\/de\/produkt\/customize-various-animal-shaped-paper-clips","title":{"rendered":"Verschiedene Papierklammern in Tierform individuell gestalten"},"content":{"rendered":"<p>Eine B\u00fcroklammer ist ein St\u00fcck Papier, das durch Hin- und Herbiegen eines Metalldrahtes hergestellt wird. Die B\u00fcroklammer scheint die einfachste aller Erfindungen zu sein. Sie ist nichts anderes als ein kleines St\u00fcck gebogener Draht mit Papier. Aber die B\u00fcroklammer hat viele verschiedene Formen durchlaufen, bevor sie in die Form gebracht wurde, die wir heute benutzen.<\/p>\n<figure id=\"attachment_1821\" aria-describedby=\"caption-attachment-1821\" style=\"width: 1056px\" class=\"wp-caption alignnone\"><img fetchpriority=\"high\" decoding=\"async\" class=\"size-full wp-image-1821\" src=\"https:\/\/www.metalwireforms.com\/wp-content\/uploads\/2021\/10\/paper-clip.jpg\" alt=\"B\u00fcroklammer\" width=\"1056\" height=\"428\" srcset=\"https:\/\/www.metalwireforms.com\/wp-content\/uploads\/2021\/10\/paper-clip.jpg 1056w, https:\/\/www.metalwireforms.com\/wp-content\/uploads\/2021\/10\/paper-clip-300x122.jpg 300w, https:\/\/www.metalwireforms.com\/wp-content\/uploads\/2021\/10\/paper-clip-1024x415.jpg 1024w, https:\/\/www.metalwireforms.com\/wp-content\/uploads\/2021\/10\/paper-clip-150x61.jpg 150w, https:\/\/www.metalwireforms.com\/wp-content\/uploads\/2021\/10\/paper-clip-768x311.jpg 768w, https:\/\/www.metalwireforms.com\/wp-content\/uploads\/2021\/10\/paper-clip-18x7.jpg 18w, https:\/\/www.metalwireforms.com\/wp-content\/uploads\/2021\/10\/paper-clip-600x243.jpg 600w\" sizes=\"(max-width: 1056px) 100vw, 1056px\" \/><figcaption id=\"caption-attachment-1821\" class=\"wp-caption-text\">B\u00fcroklammer<\/figcaption><\/figure>\n<h3>Merkmal<\/h3>\n<p>Die kreative Metall-B\u00fcroklammer in Tierform ist klein und niedlich, leicht zu klassifizieren, einfaches Design, einfaches und glattes Liniendesign blockiert nicht den Text, und kann leicht Rechnungen, Testpapiere, Daten, Berichte, Briefe usw. speichern. Vernickeltes Oberfl\u00e4chendesign, lang anhaltende Haltbarkeit.<\/p>\n<h3>Anmeldung<\/h3>\n<p>B\u00fcroklammern werden im Allgemeinen zum Festklemmen von Gegenst\u00e4nden verwendet. Sie haben zwei Enden, aber normalerweise wird das gr\u00f6\u00dfere Ende zum Festklemmen von Dingen verwendet. Das ist auch die richtige Art und Weise, sie zu benutzen: Oft benutzt jeder eine Liebes-B\u00fcroklammer, aber man wei\u00df es vielleicht nicht. Wenn man die B\u00fcroklammer vorsichtig zur\u00fcckzieht, ist das eine Liebes-B\u00fcroklammer, und sie ist besonders einfach zu benutzen.<\/p>\n<p>Wenn unsere Akten klassifiziert und beschriftet werden m\u00fcssen, k\u00f6nnen wir auch eine B\u00fcroklammer verwenden, den Aufkleber auf die B\u00fcroklammer wickeln und sie dann auf die Akte kleben, und sie kann verwendet werden.Dar\u00fcber hinaus kann die B\u00fcroklammer auch Snacks versiegeln, sie mit Gummib\u00e4ndern verwenden und Handy- und Datenkabel aufbewahren. Je nach Bedarf k\u00f6nnen Sie sie in die Form bringen, die Sie ben\u00f6tigen.<\/p>","protected":false},"excerpt":{"rendered":"<p>Eine B\u00fcroklammer ist ein St\u00fcck Papier, das durch Hin- und Herbiegen eines Metalldrahtes hergestellt wird. Die B\u00fcroklammer scheint die einfachste aller Erfindungen zu sein. Sie ist nichts anderes als ein kleines St\u00fcck gebogener Draht mit Papier.<\/p>","protected":false},"featured_media":1817,"template":"","meta":{"ocean_post_layout":"","ocean_both_sidebars_style":"","ocean_both_sidebars_content_width":0,"ocean_both_sidebars_sidebars_width":0,"ocean_sidebar":"0","ocean_second_sidebar":"0","ocean_disable_margins":"enable","ocean_add_body_class":"","ocean_shortcode_before_top_bar":"","ocean_shortcode_after_top_bar":"","ocean_shortcode_before_header":"","ocean_shortcode_after_header":"","ocean_has_shortcode":"","ocean_shortcode_after_title":"","ocean_shortcode_before_footer_widgets":"","ocean_shortcode_after_footer_widgets":"","ocean_shortcode_before_footer_bottom":"","ocean_shortcode_after_footer_bottom":"","ocean_display_top_bar":"default","ocean_display_header":"default","ocean_header_style":"","ocean_center_header_left_menu":"0","ocean_custom_header_template":"0","ocean_custom_logo":0,"ocean_custom_retina_logo":0,"ocean_custom_logo_max_width":0,"ocean_custom_logo_tablet_max_width":0,"ocean_custom_logo_mobile_max_width":0,"ocean_custom_logo_max_height":0,"ocean_custom_logo_tablet_max_height":0,"ocean_custom_logo_mobile_max_height":0,"ocean_header_custom_menu":"0","ocean_menu_typo_font_family":"0","ocean_menu_typo_font_subset":"","ocean_menu_typo_font_size":0,"ocean_menu_typo_font_size_tablet":0,"ocean_menu_typo_font_size_mobile":0,"ocean_menu_typo_font_size_unit":"px","ocean_menu_typo_font_weight":"","ocean_menu_typo_font_weight_tablet":"","ocean_menu_typo_font_weight_mobile":"","ocean_menu_typo_transform":"","ocean_menu_typo_transform_tablet":"","ocean_menu_typo_transform_mobile":"","ocean_menu_typo_line_height":0,"ocean_menu_typo_line_height_tablet":0,"ocean_menu_typo_line_height_mobile":0,"ocean_menu_typo_line_height_unit":"","ocean_menu_typo_spacing":0,"ocean_menu_typo_spacing_tablet":0,"ocean_menu_typo_spacing_mobile":0,"ocean_menu_typo_spacing_unit":"","ocean_menu_link_color":"","ocean_menu_link_color_hover":"","ocean_menu_link_color_active":"","ocean_menu_link_background":"","ocean_menu_link_hover_background":"","ocean_menu_link_active_background":"","ocean_menu_social_links_bg":"","ocean_menu_social_hover_links_bg":"","ocean_menu_social_links_color":"","ocean_menu_social_hover_links_color":"","ocean_disable_title":"default","ocean_disable_heading":"default","ocean_post_title":"","ocean_post_subheading":"","ocean_post_title_style":"","ocean_post_title_background_color":"","ocean_post_title_background":0,"ocean_post_title_bg_image_position":"","ocean_post_title_bg_image_attachment":"","ocean_post_title_bg_image_repeat":"","ocean_post_title_bg_image_size":"","ocean_post_title_height":0,"ocean_post_title_bg_overlay":0.5,"ocean_post_title_bg_overlay_color":"","ocean_disable_breadcrumbs":"default","ocean_breadcrumbs_color":"","ocean_breadcrumbs_separator_color":"","ocean_breadcrumbs_links_color":"","ocean_breadcrumbs_links_hover_color":"","ocean_display_footer_widgets":"default","ocean_display_footer_bottom":"default","ocean_custom_footer_template":"0","ofc_meta_disable_footer_callout":"","ofc_meta_callout_button_url":"","ofc_meta_callout_button_txt":"","ofc_meta_callout_text":"","osh_disable_topbar_sticky":"default","osh_disable_header_sticky":"default","osh_sticky_header_style":"default","osh_sticky_header_effect":"","osh_custom_sticky_logo":0,"osh_custom_retina_sticky_logo":0,"osh_custom_sticky_logo_height":0,"osh_background_color":"","osh_links_color":"","osh_links_hover_color":"","osh_links_active_color":"","osh_links_bg_color":"","osh_links_hover_bg_color":"","osh_links_active_bg_color":"","osh_menu_social_links_color":"","osh_menu_social_hover_links_color":""},"product_brand":[],"product_cat":[145,152],"product_tag":[109],"class_list":{"0":"post-1816","1":"product","2":"type-product","3":"status-publish","4":"has-post-thumbnail","6":"product_cat-custom-wire-fasteners","7":"product_cat-custom-paper-clips","8":"product_tag-paper-clip","10":"entry","11":"has-media","13":"first","14":"instock","15":"shipping-taxable","16":"product-type-external","17":"col","18":"span_1_of_3","19":"owp-content-center","20":"owp-thumbs-layout-horizontal","21":"owp-btn-very-big","22":"owp-tabs-layout-horizontal","23":"circle-sale"},"_links":{"self":[{"href":"https:\/\/www.metalwireforms.com\/de\/wp-json\/wp\/v2\/product\/1816","targetHints":{"allow":["GET"]}}],"collection":[{"href":"https:\/\/www.metalwireforms.com\/de\/wp-json\/wp\/v2\/product"}],"about":[{"href":"https:\/\/www.metalwireforms.com\/de\/wp-json\/wp\/v2\/types\/product"}],"version-history":[{"count":1,"href":"https:\/\/www.metalwireforms.com\/de\/wp-json\/wp\/v2\/product\/1816\/revisions"}],"predecessor-version":[{"id":1822,"href":"https:\/\/www.metalwireforms.com\/de\/wp-json\/wp\/v2\/product\/1816\/revisions\/1822"}],"wp:featuredmedia":[{"embeddable":true,"href":"https:\/\/www.metalwireforms.com\/de\/wp-json\/wp\/v2\/media\/1817"}],"wp:attachment":[{"href":"https:\/\/www.metalwireforms.com\/de\/wp-json\/wp\/v2\/media?parent=1816"}],"wp:term":[{"taxonomy":"product_brand","embeddable":true,"href":"https:\/\/www.metalwireforms.com\/de\/wp-json\/wp\/v2\/product_brand?post=1816"},{"taxonomy":"product_cat","embeddable":true,"href":"https:\/\/www.metalwireforms.com\/de\/wp-json\/wp\/v2\/product_cat?post=1816"},{"taxonomy":"product_tag","embeddable":true,"href":"https:\/\/www.metalwireforms.com\/de\/wp-json\/wp\/v2\/product_tag?post=1816"}],"curies":[{"name":"wp","href":"https:\/\/api.w.org\/{rel}","templated":true}]}}