{"id":1789,"date":"2021-10-20T03:45:34","date_gmt":"2021-10-20T03:45:34","guid":{"rendered":"https:\/\/www.xsmetalforming.com\/?post_type=product&#038;p=1789"},"modified":"2022-08-29T02:20:02","modified_gmt":"2022-08-29T02:20:02","slug":"custom-stainless-steel-metal-s-shaped-flat-spring","status":"publish","type":"product","link":"https:\/\/www.metalwireforms.com\/de\/produkt\/custom-stainless-steel-metal-s-shaped-flat-spring","title":{"rendered":"Benutzerdefinierte Edelstahl Metall S-f\u00f6rmige flache Feder"},"content":{"rendered":"<p>Die Blattfeder hat aufgrund der unterschiedlichen Verwendungszwecke verschiedene Formen und Strukturen. Je nach Form kann sie in zwei Typen unterteilt werden: gerade Blattfeder und gebogene Blattfeder. Nach der Form der Platte, kann es in Rechteck, Trapez, Dreieck und B\u00fchne Form, spezielle Form und so weiter unterteilt werden.<\/p>\n<figure id=\"attachment_1794\" aria-describedby=\"caption-attachment-1794\" style=\"width: 960px\" class=\"wp-caption alignnone\"><img fetchpriority=\"high\" decoding=\"async\" class=\"size-full wp-image-1794\" src=\"https:\/\/www.metalwireforms.com\/wp-content\/uploads\/2021\/10\/flat-spring.jpg\" alt=\"Flachfeder\" width=\"960\" height=\"494\" srcset=\"https:\/\/www.metalwireforms.com\/wp-content\/uploads\/2021\/10\/flat-spring.jpg 960w, https:\/\/www.metalwireforms.com\/wp-content\/uploads\/2021\/10\/flat-spring-300x154.jpg 300w, https:\/\/www.metalwireforms.com\/wp-content\/uploads\/2021\/10\/flat-spring-150x77.jpg 150w, https:\/\/www.metalwireforms.com\/wp-content\/uploads\/2021\/10\/flat-spring-768x395.jpg 768w, https:\/\/www.metalwireforms.com\/wp-content\/uploads\/2021\/10\/flat-spring-18x9.jpg 18w, https:\/\/www.metalwireforms.com\/wp-content\/uploads\/2021\/10\/flat-spring-600x309.jpg 600w\" sizes=\"(max-width: 960px) 100vw, 960px\" \/><figcaption id=\"caption-attachment-1794\" class=\"wp-caption-text\">Flachfeder<\/figcaption><\/figure>\n<h3>Merkmal<\/h3>\n<p>Die Flachfeder zeichnet sich dadurch aus, dass sie sich in einer Richtung - der Ebene der Mindeststeifigkeit - leicht biegen l\u00e4sst und in der anderen Richtung eine gro\u00dfe Zug- und Biegesteifigkeit aufweist. Daher eignet sich die Blattfeder sehr gut als empfindliches Bauteil, elastische St\u00fctze, Positioniervorrichtung, flexible Verbindung usw. in Erfassungsinstrumenten oder automatischen Ger\u00e4ten.<\/p>\n<h3>Anmeldung<\/h3>\n<p>Die Flachfeder ist eine Art elastisches Element, das in der mechanischen und elektronischen Industrie weit verbreitet ist. Schrapnell aus rostfreiem Stahl kann bei Belastung eine gro\u00dfe elastische Verformung erzeugen und mechanische Arbeit oder kinetische Energie in Verformungsenergie umwandeln. Nach der Entlastung verschwindet die Verformung des Schrapnells und kehrt in seine urspr\u00fcngliche Form zur\u00fcck. Umwandlung von Verformungsenergie in mechanische Arbeit oder kinetische Energie.<\/p>","protected":false},"excerpt":{"rendered":"<p>Die Blattfeder hat aufgrund der unterschiedlichen Verwendungszwecke verschiedene Formen und Strukturen. Je nach Form kann sie in zwei Typen unterteilt werden: gerade Blattfeder und gebogene Blattfeder.<\/p>","protected":false},"featured_media":1790,"template":"","meta":{"ocean_post_layout":"","ocean_both_sidebars_style":"","ocean_both_sidebars_content_width":0,"ocean_both_sidebars_sidebars_width":0,"ocean_sidebar":"0","ocean_second_sidebar":"0","ocean_disable_margins":"enable","ocean_add_body_class":"","ocean_shortcode_before_top_bar":"","ocean_shortcode_after_top_bar":"","ocean_shortcode_before_header":"","ocean_shortcode_after_header":"","ocean_has_shortcode":"","ocean_shortcode_after_title":"","ocean_shortcode_before_footer_widgets":"","ocean_shortcode_after_footer_widgets":"","ocean_shortcode_before_footer_bottom":"","ocean_shortcode_after_footer_bottom":"","ocean_display_top_bar":"default","ocean_display_header":"default","ocean_header_style":"","ocean_center_header_left_menu":"0","ocean_custom_header_template":"0","ocean_custom_logo":0,"ocean_custom_retina_logo":0,"ocean_custom_logo_max_width":0,"ocean_custom_logo_tablet_max_width":0,"ocean_custom_logo_mobile_max_width":0,"ocean_custom_logo_max_height":0,"ocean_custom_logo_tablet_max_height":0,"ocean_custom_logo_mobile_max_height":0,"ocean_header_custom_menu":"0","ocean_menu_typo_font_family":"0","ocean_menu_typo_font_subset":"","ocean_menu_typo_font_size":0,"ocean_menu_typo_font_size_tablet":0,"ocean_menu_typo_font_size_mobile":0,"ocean_menu_typo_font_size_unit":"px","ocean_menu_typo_font_weight":"","ocean_menu_typo_font_weight_tablet":"","ocean_menu_typo_font_weight_mobile":"","ocean_menu_typo_transform":"","ocean_menu_typo_transform_tablet":"","ocean_menu_typo_transform_mobile":"","ocean_menu_typo_line_height":0,"ocean_menu_typo_line_height_tablet":0,"ocean_menu_typo_line_height_mobile":0,"ocean_menu_typo_line_height_unit":"","ocean_menu_typo_spacing":0,"ocean_menu_typo_spacing_tablet":0,"ocean_menu_typo_spacing_mobile":0,"ocean_menu_typo_spacing_unit":"","ocean_menu_link_color":"","ocean_menu_link_color_hover":"","ocean_menu_link_color_active":"","ocean_menu_link_background":"","ocean_menu_link_hover_background":"","ocean_menu_link_active_background":"","ocean_menu_social_links_bg":"","ocean_menu_social_hover_links_bg":"","ocean_menu_social_links_color":"","ocean_menu_social_hover_links_color":"","ocean_disable_title":"default","ocean_disable_heading":"default","ocean_post_title":"","ocean_post_subheading":"","ocean_post_title_style":"","ocean_post_title_background_color":"","ocean_post_title_background":0,"ocean_post_title_bg_image_position":"","ocean_post_title_bg_image_attachment":"","ocean_post_title_bg_image_repeat":"","ocean_post_title_bg_image_size":"","ocean_post_title_height":0,"ocean_post_title_bg_overlay":0.5,"ocean_post_title_bg_overlay_color":"","ocean_disable_breadcrumbs":"default","ocean_breadcrumbs_color":"","ocean_breadcrumbs_separator_color":"","ocean_breadcrumbs_links_color":"","ocean_breadcrumbs_links_hover_color":"","ocean_display_footer_widgets":"default","ocean_display_footer_bottom":"default","ocean_custom_footer_template":"0","ofc_meta_disable_footer_callout":"","ofc_meta_callout_button_url":"","ofc_meta_callout_button_txt":"","ofc_meta_callout_text":"","osh_disable_topbar_sticky":"default","osh_disable_header_sticky":"default","osh_sticky_header_style":"default","osh_sticky_header_effect":"","osh_custom_sticky_logo":0,"osh_custom_retina_sticky_logo":0,"osh_custom_sticky_logo_height":0,"osh_background_color":"","osh_links_color":"","osh_links_hover_color":"","osh_links_active_color":"","osh_links_bg_color":"","osh_links_hover_bg_color":"","osh_links_active_bg_color":"","osh_menu_social_links_color":"","osh_menu_social_hover_links_color":""},"product_brand":[],"product_cat":[145,34],"product_tag":[105,106],"class_list":{"0":"post-1789","1":"product","2":"type-product","3":"status-publish","4":"has-post-thumbnail","6":"product_cat-custom-wire-fasteners","7":"product_cat-custom-other-clips","8":"product_tag-flat-spring","9":"product_tag-flat-wire-forming","11":"entry","12":"has-media","14":"first","15":"instock","16":"shipping-taxable","17":"product-type-external","18":"col","19":"span_1_of_3","20":"owp-content-center","21":"owp-thumbs-layout-horizontal","22":"owp-btn-very-big","23":"owp-tabs-layout-horizontal","24":"circle-sale"},"_links":{"self":[{"href":"https:\/\/www.metalwireforms.com\/de\/wp-json\/wp\/v2\/product\/1789","targetHints":{"allow":["GET"]}}],"collection":[{"href":"https:\/\/www.metalwireforms.com\/de\/wp-json\/wp\/v2\/product"}],"about":[{"href":"https:\/\/www.metalwireforms.com\/de\/wp-json\/wp\/v2\/types\/product"}],"version-history":[{"count":2,"href":"https:\/\/www.metalwireforms.com\/de\/wp-json\/wp\/v2\/product\/1789\/revisions"}],"predecessor-version":[{"id":2302,"href":"https:\/\/www.metalwireforms.com\/de\/wp-json\/wp\/v2\/product\/1789\/revisions\/2302"}],"wp:featuredmedia":[{"embeddable":true,"href":"https:\/\/www.metalwireforms.com\/de\/wp-json\/wp\/v2\/media\/1790"}],"wp:attachment":[{"href":"https:\/\/www.metalwireforms.com\/de\/wp-json\/wp\/v2\/media?parent=1789"}],"wp:term":[{"taxonomy":"product_brand","embeddable":true,"href":"https:\/\/www.metalwireforms.com\/de\/wp-json\/wp\/v2\/product_brand?post=1789"},{"taxonomy":"product_cat","embeddable":true,"href":"https:\/\/www.metalwireforms.com\/de\/wp-json\/wp\/v2\/product_cat?post=1789"},{"taxonomy":"product_tag","embeddable":true,"href":"https:\/\/www.metalwireforms.com\/de\/wp-json\/wp\/v2\/product_tag?post=1789"}],"curies":[{"name":"wp","href":"https:\/\/api.w.org\/{rel}","templated":true}]}}