{"id":1732,"date":"2021-10-14T07:52:15","date_gmt":"2021-10-14T07:52:15","guid":{"rendered":"https:\/\/www.xsmetalforming.com\/?post_type=product&#038;p=1732"},"modified":"2022-07-25T02:56:54","modified_gmt":"2022-07-25T02:56:54","slug":"professional-custom-tower-compression-spring","status":"publish","type":"product","link":"https:\/\/www.metalwireforms.com\/de\/produkt\/professional-custom-tower-compression-spring","title":{"rendered":"Professionelle Turmdruckfeder nach Ma\u00df"},"content":{"rendered":"<p>Die Turmfeder ist eine Art von Feder, auch Kegelstumpffeder genannt, auch bekannt als Pagodenfeder oder kurz Turmfeder. Ihr gr\u00f6\u00dftes Merkmal ist: die Last ist gro\u00df, die Steifigkeit ist variabel, die \u00c4nderungsrate der Kompressionsl\u00e4nge der Turmfeder nimmt mit der Erh\u00f6hung des Drucks ab, der Wert der elastischen Kraft K ist niedriger, wenn die Last klein ist, und der Wert der elastischen Kraft K steigt mit der Erh\u00f6hung der Last, die Beziehung zwischen der elastischen Kraft Es erscheint als eine Kurve. Zu Beginn der Kompression ist der gro\u00dfe Au\u00dfendurchmesser dieser Feder der erste, der aufgrund der geringsten Steifigkeit arbeitet. Wenn die Kompression weitergeht, wird der \u00e4u\u00dfere Arbeitsdurchmesser kleiner und die elastische Kraft steigt schnell an, um den Zweck der Sto\u00dfd\u00e4mpfung zu erreichen. Wenn der Kompressionsraum klein ist, kann die Turmfeder so konstruiert werden, dass sie eine allm\u00e4hlich zunehmende Windungsform hat, und die minimale Kompressionsl\u00e4nge kann die H\u00f6he eines Stahldrahtes erreichen.<\/p>\n<figure id=\"attachment_1737\" aria-describedby=\"caption-attachment-1737\" style=\"width: 960px\" class=\"wp-caption alignnone\"><img fetchpriority=\"high\" decoding=\"async\" class=\"size-full wp-image-1737\" src=\"https:\/\/www.metalwireforms.com\/wp-content\/uploads\/2021\/10\/tower-compression-spring5.jpg\" alt=\"Turm-Druckfeder(5)\" width=\"960\" height=\"654\" srcset=\"https:\/\/www.metalwireforms.com\/wp-content\/uploads\/2021\/10\/tower-compression-spring5.jpg 960w, https:\/\/www.metalwireforms.com\/wp-content\/uploads\/2021\/10\/tower-compression-spring5-300x204.jpg 300w, https:\/\/www.metalwireforms.com\/wp-content\/uploads\/2021\/10\/tower-compression-spring5-150x102.jpg 150w, https:\/\/www.metalwireforms.com\/wp-content\/uploads\/2021\/10\/tower-compression-spring5-768x523.jpg 768w, https:\/\/www.metalwireforms.com\/wp-content\/uploads\/2021\/10\/tower-compression-spring5-18x12.jpg 18w, https:\/\/www.metalwireforms.com\/wp-content\/uploads\/2021\/10\/tower-compression-spring5-600x409.jpg 600w\" sizes=\"(max-width: 960px) 100vw, 960px\" \/><figcaption id=\"caption-attachment-1737\" class=\"wp-caption-text\">Turm-Druckfeder(5)<\/figcaption><\/figure>\n<h3>Merkmal<\/h3>\n<p>Die Haupteigenschaften von Turmdruckfedern sind geringe Gr\u00f6\u00dfe, gro\u00dfe Last, variable Steifigkeit und werden h\u00e4ufig in kleinen R\u00e4umen und bei gro\u00dfen Lasten sowie als Sto\u00dfd\u00e4mpfer verwendet.<\/p>\n<h3>Anmeldung<\/h3>\n<p>Turmdruckfedern k\u00f6nnen \u00fcberall dort eingesetzt werden, wo das Produkt wenig Platz, gro\u00dfe Lasten und Sto\u00dfd\u00e4mpfer erfordert. Turmfedern werden in batteriebetriebenen Schaltkreisen von Spielzeugen und kleinen elektronischen Ger\u00e4ten verwendet, und sie haben auch eine gute Leistung in Sto\u00dfd\u00e4mpfern. Sie k\u00f6nnen auch in elektronischen Ger\u00e4ten, Spielzeugen, Geschenken, handwerklichen Federn, Pr\u00e4zisionsger\u00e4ten, Metallkunststoffen, Fernbedienungen verwendet werden Turmfedern werden in Ger\u00e4ten, Fahrr\u00e4dern, Steckdosen, Taschenrechnern, Video-DVDs usw. verwendet.<\/p>","protected":false},"excerpt":{"rendered":"<p>Die Turmfeder ist eine Art von Feder, auch Kegelstumpffeder genannt, auch bekannt als Pagodenfeder oder kurz als Turmfeder.<\/p>","protected":false},"featured_media":1736,"template":"","meta":{"ocean_post_layout":"","ocean_both_sidebars_style":"","ocean_both_sidebars_content_width":0,"ocean_both_sidebars_sidebars_width":0,"ocean_sidebar":"0","ocean_second_sidebar":"0","ocean_disable_margins":"enable","ocean_add_body_class":"","ocean_shortcode_before_top_bar":"","ocean_shortcode_after_top_bar":"","ocean_shortcode_before_header":"","ocean_shortcode_after_header":"","ocean_has_shortcode":"","ocean_shortcode_after_title":"","ocean_shortcode_before_footer_widgets":"","ocean_shortcode_after_footer_widgets":"","ocean_shortcode_before_footer_bottom":"","ocean_shortcode_after_footer_bottom":"","ocean_display_top_bar":"default","ocean_display_header":"default","ocean_header_style":"","ocean_center_header_left_menu":"0","ocean_custom_header_template":"0","ocean_custom_logo":0,"ocean_custom_retina_logo":0,"ocean_custom_logo_max_width":0,"ocean_custom_logo_tablet_max_width":0,"ocean_custom_logo_mobile_max_width":0,"ocean_custom_logo_max_height":0,"ocean_custom_logo_tablet_max_height":0,"ocean_custom_logo_mobile_max_height":0,"ocean_header_custom_menu":"0","ocean_menu_typo_font_family":"0","ocean_menu_typo_font_subset":"","ocean_menu_typo_font_size":0,"ocean_menu_typo_font_size_tablet":0,"ocean_menu_typo_font_size_mobile":0,"ocean_menu_typo_font_size_unit":"px","ocean_menu_typo_font_weight":"","ocean_menu_typo_font_weight_tablet":"","ocean_menu_typo_font_weight_mobile":"","ocean_menu_typo_transform":"","ocean_menu_typo_transform_tablet":"","ocean_menu_typo_transform_mobile":"","ocean_menu_typo_line_height":0,"ocean_menu_typo_line_height_tablet":0,"ocean_menu_typo_line_height_mobile":0,"ocean_menu_typo_line_height_unit":"","ocean_menu_typo_spacing":0,"ocean_menu_typo_spacing_tablet":0,"ocean_menu_typo_spacing_mobile":0,"ocean_menu_typo_spacing_unit":"","ocean_menu_link_color":"","ocean_menu_link_color_hover":"","ocean_menu_link_color_active":"","ocean_menu_link_background":"","ocean_menu_link_hover_background":"","ocean_menu_link_active_background":"","ocean_menu_social_links_bg":"","ocean_menu_social_hover_links_bg":"","ocean_menu_social_links_color":"","ocean_menu_social_hover_links_color":"","ocean_disable_title":"default","ocean_disable_heading":"default","ocean_post_title":"","ocean_post_subheading":"","ocean_post_title_style":"","ocean_post_title_background_color":"","ocean_post_title_background":0,"ocean_post_title_bg_image_position":"","ocean_post_title_bg_image_attachment":"","ocean_post_title_bg_image_repeat":"","ocean_post_title_bg_image_size":"","ocean_post_title_height":0,"ocean_post_title_bg_overlay":0.5,"ocean_post_title_bg_overlay_color":"","ocean_disable_breadcrumbs":"default","ocean_breadcrumbs_color":"","ocean_breadcrumbs_separator_color":"","ocean_breadcrumbs_links_color":"","ocean_breadcrumbs_links_hover_color":"","ocean_display_footer_widgets":"default","ocean_display_footer_bottom":"default","ocean_custom_footer_template":"0","ofc_meta_disable_footer_callout":"","ofc_meta_callout_button_url":"","ofc_meta_callout_button_txt":"","ofc_meta_callout_text":"","osh_disable_topbar_sticky":"default","osh_disable_header_sticky":"default","osh_sticky_header_style":"default","osh_sticky_header_effect":"","osh_custom_sticky_logo":0,"osh_custom_retina_sticky_logo":0,"osh_custom_sticky_logo_height":0,"osh_background_color":"","osh_links_color":"","osh_links_hover_color":"","osh_links_active_color":"","osh_links_bg_color":"","osh_links_hover_bg_color":"","osh_links_active_bg_color":"","osh_menu_social_links_color":"","osh_menu_social_hover_links_color":""},"product_brand":[],"product_cat":[144,25],"product_tag":[98,99],"class_list":{"0":"post-1732","1":"product","2":"type-product","3":"status-publish","4":"has-post-thumbnail","6":"product_cat-custom-springs","7":"product_cat-custom-compression-springs","8":"product_tag-compression-spring","9":"product_tag-tower-spring","11":"entry","12":"has-media","14":"first","15":"instock","16":"shipping-taxable","17":"product-type-simple","18":"col","19":"span_1_of_3","20":"owp-content-center","21":"owp-thumbs-layout-horizontal","22":"owp-btn-very-big","23":"owp-tabs-layout-horizontal","24":"has-no-thumbnails","25":"circle-sale"},"_links":{"self":[{"href":"https:\/\/www.metalwireforms.com\/de\/wp-json\/wp\/v2\/product\/1732","targetHints":{"allow":["GET"]}}],"collection":[{"href":"https:\/\/www.metalwireforms.com\/de\/wp-json\/wp\/v2\/product"}],"about":[{"href":"https:\/\/www.metalwireforms.com\/de\/wp-json\/wp\/v2\/types\/product"}],"version-history":[{"count":1,"href":"https:\/\/www.metalwireforms.com\/de\/wp-json\/wp\/v2\/product\/1732\/revisions"}],"predecessor-version":[{"id":1738,"href":"https:\/\/www.metalwireforms.com\/de\/wp-json\/wp\/v2\/product\/1732\/revisions\/1738"}],"wp:featuredmedia":[{"embeddable":true,"href":"https:\/\/www.metalwireforms.com\/de\/wp-json\/wp\/v2\/media\/1736"}],"wp:attachment":[{"href":"https:\/\/www.metalwireforms.com\/de\/wp-json\/wp\/v2\/media?parent=1732"}],"wp:term":[{"taxonomy":"product_brand","embeddable":true,"href":"https:\/\/www.metalwireforms.com\/de\/wp-json\/wp\/v2\/product_brand?post=1732"},{"taxonomy":"product_cat","embeddable":true,"href":"https:\/\/www.metalwireforms.com\/de\/wp-json\/wp\/v2\/product_cat?post=1732"},{"taxonomy":"product_tag","embeddable":true,"href":"https:\/\/www.metalwireforms.com\/de\/wp-json\/wp\/v2\/product_tag?post=1732"}],"curies":[{"name":"wp","href":"https:\/\/api.w.org\/{rel}","templated":true}]}}