{"id":1715,"date":"2021-10-12T08:51:33","date_gmt":"2021-10-12T08:51:33","guid":{"rendered":"https:\/\/www.xsmetalforming.com\/?post_type=product&#038;p=1715"},"modified":"2022-07-22T09:35:23","modified_gmt":"2022-07-22T09:35:23","slug":"customize-various-angle-adjuster-scroll-springs","status":"publish","type":"product","link":"https:\/\/www.metalwireforms.com\/de\/produkt\/customize-various-angle-adjuster-scroll-springs","title":{"rendered":"Anpassen verschiedener Winkelverstellfedern"},"content":{"rendered":"<p>Planare Spiralfedern, die auch als Uhrwerkfedern bezeichnet werden, sind Torsionsfedern; unter der Einwirkung eines Drehmoments verformt sich das Federmaterial biegeelastisch, wodurch sich die Feder in der Ebene verdreht, und ihr Verformungswinkel ist proportional zum Drehmoment.<\/p>\n<figure id=\"attachment_1721\" aria-describedby=\"caption-attachment-1721\" style=\"width: 960px\" class=\"wp-caption alignnone\"><img fetchpriority=\"high\" decoding=\"async\" class=\"size-full wp-image-1721\" src=\"https:\/\/www.metalwireforms.com\/wp-content\/uploads\/2021\/10\/scroll-spring-5.jpg\" alt=\"Spiralfeder\uff085\uff09\" width=\"960\" height=\"499\" srcset=\"https:\/\/www.metalwireforms.com\/wp-content\/uploads\/2021\/10\/scroll-spring-5.jpg 960w, https:\/\/www.metalwireforms.com\/wp-content\/uploads\/2021\/10\/scroll-spring-5-300x156.jpg 300w, https:\/\/www.metalwireforms.com\/wp-content\/uploads\/2021\/10\/scroll-spring-5-150x78.jpg 150w, https:\/\/www.metalwireforms.com\/wp-content\/uploads\/2021\/10\/scroll-spring-5-768x399.jpg 768w, https:\/\/www.metalwireforms.com\/wp-content\/uploads\/2021\/10\/scroll-spring-5-18x9.jpg 18w, https:\/\/www.metalwireforms.com\/wp-content\/uploads\/2021\/10\/scroll-spring-5-600x312.jpg 600w\" sizes=\"(max-width: 960px) 100vw, 960px\" \/><figcaption id=\"caption-attachment-1721\" class=\"wp-caption-text\">Spiralfeder\uff085\uff09<\/figcaption><\/figure>\n<h3>Merkmal<\/h3>\n<p>Die Besonderheit der Blattfeder besteht darin, dass sie sich nur in einer Richtung - der Ebene der Mindeststeifigkeit - leicht biegen l\u00e4sst und in der anderen Richtung eine gro\u00dfe Zug- und Biegesteifigkeit aufweist. Daher eignet sich die Blattfeder sehr gut als empfindliche Komponente, elastische St\u00fctze, Positioniervorrichtung, flexible Verbindung usw. in Erfassungsinstrumenten oder automatischen Ger\u00e4ten.<\/p>\n<h3>Anmeldung<\/h3>\n<p>Die Spiralfedern sind die einfachsten Federn, die die Verformung von elastischen Blechen nutzen, um Federeigenschaften zu erzeugen. Die elastischen Bleche sind rechteckig, trapezf\u00f6rmig und dreieckig und k\u00f6nnen auch gerade oder gebogen sein. Sie werden in der Regel dort eingesetzt, wo die Belastung und Verformung gering und die Steifigkeit nicht gro\u00df ist, wie z. B. bei empfindlichen Bauteilen, elastischen St\u00fctzen oder Positioniervorrichtungen in Instrumenten, Messger\u00e4ten und automatischen Mechanismen. Wie z.B. elektrische Ein-Aus-Kontakte, etc.<\/p>","protected":false},"excerpt":{"rendered":"<p>Planare Spiralfedern, die auch als Uhrwerkfedern bezeichnet werden, sind Torsionsfedern; unter der Einwirkung eines Drehmoments verformt sich das Federmaterial biegeelastisch, wodurch sich die Feder in der Ebene verdreht, und ihr Verformungswinkel ist proportional zum Drehmoment.<\/p>","protected":false},"featured_media":1728,"template":"","meta":{"ocean_post_layout":"","ocean_both_sidebars_style":"","ocean_both_sidebars_content_width":0,"ocean_both_sidebars_sidebars_width":0,"ocean_sidebar":"","ocean_second_sidebar":"","ocean_disable_margins":"enable","ocean_add_body_class":"","ocean_shortcode_before_top_bar":"","ocean_shortcode_after_top_bar":"","ocean_shortcode_before_header":"","ocean_shortcode_after_header":"","ocean_has_shortcode":"","ocean_shortcode_after_title":"","ocean_shortcode_before_footer_widgets":"","ocean_shortcode_after_footer_widgets":"","ocean_shortcode_before_footer_bottom":"","ocean_shortcode_after_footer_bottom":"","ocean_display_top_bar":"default","ocean_display_header":"default","ocean_header_style":"","ocean_center_header_left_menu":"","ocean_custom_header_template":"","ocean_custom_logo":0,"ocean_custom_retina_logo":0,"ocean_custom_logo_max_width":0,"ocean_custom_logo_tablet_max_width":0,"ocean_custom_logo_mobile_max_width":0,"ocean_custom_logo_max_height":0,"ocean_custom_logo_tablet_max_height":0,"ocean_custom_logo_mobile_max_height":0,"ocean_header_custom_menu":"","ocean_menu_typo_font_family":"","ocean_menu_typo_font_subset":"","ocean_menu_typo_font_size":0,"ocean_menu_typo_font_size_tablet":0,"ocean_menu_typo_font_size_mobile":0,"ocean_menu_typo_font_size_unit":"px","ocean_menu_typo_font_weight":"","ocean_menu_typo_font_weight_tablet":"","ocean_menu_typo_font_weight_mobile":"","ocean_menu_typo_transform":"","ocean_menu_typo_transform_tablet":"","ocean_menu_typo_transform_mobile":"","ocean_menu_typo_line_height":0,"ocean_menu_typo_line_height_tablet":0,"ocean_menu_typo_line_height_mobile":0,"ocean_menu_typo_line_height_unit":"","ocean_menu_typo_spacing":0,"ocean_menu_typo_spacing_tablet":0,"ocean_menu_typo_spacing_mobile":0,"ocean_menu_typo_spacing_unit":"","ocean_menu_link_color":"","ocean_menu_link_color_hover":"","ocean_menu_link_color_active":"","ocean_menu_link_background":"","ocean_menu_link_hover_background":"","ocean_menu_link_active_background":"","ocean_menu_social_links_bg":"","ocean_menu_social_hover_links_bg":"","ocean_menu_social_links_color":"","ocean_menu_social_hover_links_color":"","ocean_disable_title":"default","ocean_disable_heading":"default","ocean_post_title":"","ocean_post_subheading":"","ocean_post_title_style":"","ocean_post_title_background_color":"","ocean_post_title_background":0,"ocean_post_title_bg_image_position":"","ocean_post_title_bg_image_attachment":"","ocean_post_title_bg_image_repeat":"","ocean_post_title_bg_image_size":"","ocean_post_title_height":0,"ocean_post_title_bg_overlay":0.5,"ocean_post_title_bg_overlay_color":"","ocean_disable_breadcrumbs":"default","ocean_breadcrumbs_color":"","ocean_breadcrumbs_separator_color":"","ocean_breadcrumbs_links_color":"","ocean_breadcrumbs_links_hover_color":"","ocean_display_footer_widgets":"default","ocean_display_footer_bottom":"default","ocean_custom_footer_template":"","ofc_meta_disable_footer_callout":"","ofc_meta_callout_button_url":"","ofc_meta_callout_button_txt":"","ofc_meta_callout_text":"","osh_disable_topbar_sticky":"default","osh_disable_header_sticky":"default","osh_sticky_header_style":"default","osh_sticky_header_effect":"","osh_custom_sticky_logo":0,"osh_custom_retina_sticky_logo":0,"osh_custom_sticky_logo_height":0,"osh_background_color":"","osh_links_color":"","osh_links_hover_color":"","osh_links_active_color":"","osh_links_bg_color":"","osh_links_hover_bg_color":"","osh_links_active_bg_color":"","osh_menu_social_links_color":"","osh_menu_social_hover_links_color":""},"product_brand":[],"product_cat":[144,148],"product_tag":[97,96],"class_list":{"0":"post-1715","1":"product","2":"type-product","3":"status-publish","4":"has-post-thumbnail","6":"product_cat-custom-springs","7":"product_cat-custom-spiral-springs","8":"product_tag-leaf-spring","9":"product_tag-scroll-spring","11":"entry","12":"has-media","14":"first","15":"instock","16":"shipping-taxable","17":"product-type-external","18":"col","19":"span_1_of_3","20":"owp-content-center","21":"owp-thumbs-layout-horizontal","22":"owp-btn-very-big","23":"owp-tabs-layout-horizontal","24":"circle-sale"},"_links":{"self":[{"href":"https:\/\/www.metalwireforms.com\/de\/wp-json\/wp\/v2\/product\/1715","targetHints":{"allow":["GET"]}}],"collection":[{"href":"https:\/\/www.metalwireforms.com\/de\/wp-json\/wp\/v2\/product"}],"about":[{"href":"https:\/\/www.metalwireforms.com\/de\/wp-json\/wp\/v2\/types\/product"}],"version-history":[{"count":1,"href":"https:\/\/www.metalwireforms.com\/de\/wp-json\/wp\/v2\/product\/1715\/revisions"}],"predecessor-version":[{"id":1722,"href":"https:\/\/www.metalwireforms.com\/de\/wp-json\/wp\/v2\/product\/1715\/revisions\/1722"}],"wp:featuredmedia":[{"embeddable":true,"href":"https:\/\/www.metalwireforms.com\/de\/wp-json\/wp\/v2\/media\/1728"}],"wp:attachment":[{"href":"https:\/\/www.metalwireforms.com\/de\/wp-json\/wp\/v2\/media?parent=1715"}],"wp:term":[{"taxonomy":"product_brand","embeddable":true,"href":"https:\/\/www.metalwireforms.com\/de\/wp-json\/wp\/v2\/product_brand?post=1715"},{"taxonomy":"product_cat","embeddable":true,"href":"https:\/\/www.metalwireforms.com\/de\/wp-json\/wp\/v2\/product_cat?post=1715"},{"taxonomy":"product_tag","embeddable":true,"href":"https:\/\/www.metalwireforms.com\/de\/wp-json\/wp\/v2\/product_tag?post=1715"}],"curies":[{"name":"wp","href":"https:\/\/api.w.org\/{rel}","templated":true}]}}