{"id":1701,"date":"2021-10-10T06:57:13","date_gmt":"2021-10-10T06:57:13","guid":{"rendered":"https:\/\/www.xsmetalforming.com\/?post_type=product&#038;p=1701"},"modified":"2022-07-22T09:35:34","modified_gmt":"2022-07-22T09:35:34","slug":"custom-various-special-shape-battery-springs","status":"publish","type":"product","link":"https:\/\/www.metalwireforms.com\/de\/produkt\/custom-various-special-shape-battery-springs","title":{"rendered":"Benutzerdefinierte verschiedene Sonderformen von Batteriefedern"},"content":{"rendered":"<p>Die Batteriefeder spielt eine wichtige Rolle bei der Zusammensetzung der Batterie. Die Batteriefeder ist in der Regel aus Kupfer, Eisen oder rostfreiem Stahl gefertigt. Da Sie die Batterie mit Strom versorgen m\u00fcssen, w\u00e4hlen Sie ein Material, das Strom leiten kann. Normalerweise m\u00fcssen diese Materialien galvanisiert, versilbert, vernickelt oder mit CT beschichtet werden. Das Funktionsprinzip ist sehr einfach, d.h. nach dem Einsetzen der Batterie wird die Batteriefeder auf die leitende Folie gepresst, und der Mittelpunkt der Feder ber\u00fchrt die Leiterplatte, um einen Stromkreis zu bilden. Von hier aus wird das Ger\u00e4t angetrieben. Die Verwendung von Batteriefedern zur Stromleitung ist sehr effektiv und f\u00fchlt sich gut an.<\/p>\n<figure id=\"attachment_1707\" aria-describedby=\"caption-attachment-1707\" style=\"width: 750px\" class=\"wp-caption alignnone\"><img fetchpriority=\"high\" decoding=\"async\" class=\"size-full wp-image-1707\" src=\"https:\/\/www.metalwireforms.com\/wp-content\/uploads\/2021\/10\/battery-spring-5.jpg\" alt=\"Batterie-Feder \uff085\uff09\" width=\"750\" height=\"572\" srcset=\"https:\/\/www.metalwireforms.com\/wp-content\/uploads\/2021\/10\/battery-spring-5.jpg 750w, https:\/\/www.metalwireforms.com\/wp-content\/uploads\/2021\/10\/battery-spring-5-300x229.jpg 300w, https:\/\/www.metalwireforms.com\/wp-content\/uploads\/2021\/10\/battery-spring-5-150x114.jpg 150w, https:\/\/www.metalwireforms.com\/wp-content\/uploads\/2021\/10\/battery-spring-5-16x12.jpg 16w, https:\/\/www.metalwireforms.com\/wp-content\/uploads\/2021\/10\/battery-spring-5-600x458.jpg 600w\" sizes=\"(max-width: 750px) 100vw, 750px\" \/><figcaption id=\"caption-attachment-1707\" class=\"wp-caption-text\">Batterie-Feder \uff085\uff09<\/figcaption><\/figure>\n<h3>Merkmal<\/h3>\n<p>1. das Design der Batteriefeder muss sicher sein, und die \u00d6ffnung der Feder muss nach innen gebogen sein und darf Ihre H\u00e4nde nicht verletzen. Das Produkt wird hergestellt, um Kunden zu helfen, Probleme zu l\u00f6sen und das Leben zu genie\u00dfen.<\/p>\n<p>2. die Batteriefeder hat eine gute Leitf\u00e4higkeit. Es ist erforderlich, dass die allgemeine Feder eine Batteriefeder aus Kohlenstoffstahldraht sein sollte, und dann galvanisch beschichtet werden, und die Galvanik muss auch mit Kupfer zuerst, dann Nickel beschichtet werden, und der Salzspr\u00fchtest ist erforderlich, um mindestens 5% bis zu 24 Stunden zu sein, die Oberfl\u00e4che, die hohe Leitf\u00e4higkeit erfordert, ist mit Gold, Silber, Zinn, etc. beschichtet. Kupferdraht kann auch als Federmaterial verwendet werden, nat\u00fcrlich ist die Elastizit\u00e4t von Kupferdraht nicht so gut wie die von Kohlenstoffstahl.<\/p>\n<p>3. die Struktur der Feder sollte angemessen sein, und die Stabilit\u00e4t der Installation sollte gr\u00fcndlich ber\u00fccksichtigt werden. Der Mittelpunkt der Batteriefeder, der die Batterie ber\u00fchrt, sollte ausgerichtet sein, und die Stelle, an der die Batteriefeder die Batterie ber\u00fchrt, sollte nicht zu gro\u00df sein. Ein zu gro\u00dfer Abstand kann dazu f\u00fchren, dass die positiven und negativen Elektroden miteinander verbunden werden und einen Kurzschluss verursachen.<\/p>\n<h3>Anmeldung<\/h3>\n<p>Die Batteriefeder eignet sich f\u00fcr alle Arten von Spielzeug, Mikrowellenherde, Entsafter, Reiskocher, Wassermopps, Kaffeem\u00fchlen, Babypflegeger\u00e4te, Zerkleinerer, Wasserkocher, Beleuchtung, Handtaschen, Lederwaren, Gep\u00e4ck, Geschenke, Handwerk, Schreibwaren, Elektronik, Elektroger\u00e4te, Kameras, Pr\u00e4zisionsger\u00e4te, verschiedene Fahrzeuge, Eisen- und Kunststoffwaren, elektronische Waagen, Fernbedienungen, Kinderwagen, Fahrr\u00e4der, Waschmaschinen, Staubsauger, Lampen, Automobile, M\u00f6bel, Spielzeug, Schalter, Steckdosen, Warmwasserbereiter, Taschenrechner, Uhren, Z\u00fcndger\u00e4te, Tastaturen, M\u00e4use, Motoren, Mobiltelefone, Medaillen, Ventilatoren, Kinderwagen, T\u00fcrschl\u00f6sser, Sport- und Fitnessger\u00e4te, usw.<\/p>","protected":false},"excerpt":{"rendered":"<p>Die Batteriefeder spielt eine wichtige Rolle bei der Zusammensetzung der Batterie. Die Batteriefeder besteht in der Regel aus Kupfer, Eisen oder rostfreiem Stahl.<\/p>","protected":false},"featured_media":1703,"template":"","meta":{"ocean_post_layout":"","ocean_both_sidebars_style":"","ocean_both_sidebars_content_width":0,"ocean_both_sidebars_sidebars_width":0,"ocean_sidebar":"0","ocean_second_sidebar":"0","ocean_disable_margins":"enable","ocean_add_body_class":"","ocean_shortcode_before_top_bar":"","ocean_shortcode_after_top_bar":"","ocean_shortcode_before_header":"","ocean_shortcode_after_header":"","ocean_has_shortcode":"","ocean_shortcode_after_title":"","ocean_shortcode_before_footer_widgets":"","ocean_shortcode_after_footer_widgets":"","ocean_shortcode_before_footer_bottom":"","ocean_shortcode_after_footer_bottom":"","ocean_display_top_bar":"default","ocean_display_header":"default","ocean_header_style":"","ocean_center_header_left_menu":"0","ocean_custom_header_template":"0","ocean_custom_logo":0,"ocean_custom_retina_logo":0,"ocean_custom_logo_max_width":0,"ocean_custom_logo_tablet_max_width":0,"ocean_custom_logo_mobile_max_width":0,"ocean_custom_logo_max_height":0,"ocean_custom_logo_tablet_max_height":0,"ocean_custom_logo_mobile_max_height":0,"ocean_header_custom_menu":"0","ocean_menu_typo_font_family":"0","ocean_menu_typo_font_subset":"","ocean_menu_typo_font_size":0,"ocean_menu_typo_font_size_tablet":0,"ocean_menu_typo_font_size_mobile":0,"ocean_menu_typo_font_size_unit":"px","ocean_menu_typo_font_weight":"","ocean_menu_typo_font_weight_tablet":"","ocean_menu_typo_font_weight_mobile":"","ocean_menu_typo_transform":"","ocean_menu_typo_transform_tablet":"","ocean_menu_typo_transform_mobile":"","ocean_menu_typo_line_height":0,"ocean_menu_typo_line_height_tablet":0,"ocean_menu_typo_line_height_mobile":0,"ocean_menu_typo_line_height_unit":"","ocean_menu_typo_spacing":0,"ocean_menu_typo_spacing_tablet":0,"ocean_menu_typo_spacing_mobile":0,"ocean_menu_typo_spacing_unit":"","ocean_menu_link_color":"","ocean_menu_link_color_hover":"","ocean_menu_link_color_active":"","ocean_menu_link_background":"","ocean_menu_link_hover_background":"","ocean_menu_link_active_background":"","ocean_menu_social_links_bg":"","ocean_menu_social_hover_links_bg":"","ocean_menu_social_links_color":"","ocean_menu_social_hover_links_color":"","ocean_disable_title":"default","ocean_disable_heading":"default","ocean_post_title":"","ocean_post_subheading":"","ocean_post_title_style":"","ocean_post_title_background_color":"","ocean_post_title_background":0,"ocean_post_title_bg_image_position":"","ocean_post_title_bg_image_attachment":"","ocean_post_title_bg_image_repeat":"","ocean_post_title_bg_image_size":"","ocean_post_title_height":0,"ocean_post_title_bg_overlay":0.5,"ocean_post_title_bg_overlay_color":"","ocean_disable_breadcrumbs":"default","ocean_breadcrumbs_color":"","ocean_breadcrumbs_separator_color":"","ocean_breadcrumbs_links_color":"","ocean_breadcrumbs_links_hover_color":"","ocean_display_footer_widgets":"default","ocean_display_footer_bottom":"default","ocean_custom_footer_template":"0","ofc_meta_disable_footer_callout":"","ofc_meta_callout_button_url":"","ofc_meta_callout_button_txt":"","ofc_meta_callout_text":"","osh_disable_topbar_sticky":"default","osh_disable_header_sticky":"default","osh_sticky_header_style":"default","osh_sticky_header_effect":"","osh_custom_sticky_logo":0,"osh_custom_retina_sticky_logo":0,"osh_custom_sticky_logo_height":0,"osh_background_color":"","osh_links_color":"","osh_links_hover_color":"","osh_links_active_color":"","osh_links_bg_color":"","osh_links_hover_bg_color":"","osh_links_active_bg_color":"","osh_menu_social_links_color":"","osh_menu_social_hover_links_color":""},"product_brand":[],"product_cat":[144,25],"product_tag":[95],"class_list":{"0":"post-1701","1":"product","2":"type-product","3":"status-publish","4":"has-post-thumbnail","6":"product_cat-custom-springs","7":"product_cat-custom-compression-springs","8":"product_tag-battery-spring","10":"entry","11":"has-media","13":"first","14":"instock","15":"shipping-taxable","16":"product-type-external","17":"col","18":"span_1_of_3","19":"owp-content-center","20":"owp-thumbs-layout-horizontal","21":"owp-btn-very-big","22":"owp-tabs-layout-horizontal","23":"circle-sale"},"_links":{"self":[{"href":"https:\/\/www.metalwireforms.com\/de\/wp-json\/wp\/v2\/product\/1701","targetHints":{"allow":["GET"]}}],"collection":[{"href":"https:\/\/www.metalwireforms.com\/de\/wp-json\/wp\/v2\/product"}],"about":[{"href":"https:\/\/www.metalwireforms.com\/de\/wp-json\/wp\/v2\/types\/product"}],"version-history":[{"count":6,"href":"https:\/\/www.metalwireforms.com\/de\/wp-json\/wp\/v2\/product\/1701\/revisions"}],"predecessor-version":[{"id":1709,"href":"https:\/\/www.metalwireforms.com\/de\/wp-json\/wp\/v2\/product\/1701\/revisions\/1709"}],"wp:featuredmedia":[{"embeddable":true,"href":"https:\/\/www.metalwireforms.com\/de\/wp-json\/wp\/v2\/media\/1703"}],"wp:attachment":[{"href":"https:\/\/www.metalwireforms.com\/de\/wp-json\/wp\/v2\/media?parent=1701"}],"wp:term":[{"taxonomy":"product_brand","embeddable":true,"href":"https:\/\/www.metalwireforms.com\/de\/wp-json\/wp\/v2\/product_brand?post=1701"},{"taxonomy":"product_cat","embeddable":true,"href":"https:\/\/www.metalwireforms.com\/de\/wp-json\/wp\/v2\/product_cat?post=1701"},{"taxonomy":"product_tag","embeddable":true,"href":"https:\/\/www.metalwireforms.com\/de\/wp-json\/wp\/v2\/product_tag?post=1701"}],"curies":[{"name":"wp","href":"https:\/\/api.w.org\/{rel}","templated":true}]}}