{"id":1218,"date":"2021-09-22T07:34:45","date_gmt":"2021-09-22T07:34:45","guid":{"rendered":"https:\/\/www.xsmetalforming.com\/?post_type=product&#038;p=1218"},"modified":"2022-07-25T02:56:47","modified_gmt":"2022-07-25T02:56:47","slug":"304-stainless-steel-bar-customized-manufacturer-spot-wholesale","status":"publish","type":"product","link":"https:\/\/www.metalwireforms.com\/de\/produkt\/304-stainless-steel-bar-customized-manufacturer-spot-wholesale","title":{"rendered":"304 Edelstahl bar kundenspezifische Hersteller vor Ort Gro\u00dfhandel"},"content":{"rendered":"<p>Als g\u00e4ngige Kraft\u00fcbertragungsvorrichtung ist die Edelstahlkette mit einem hyperbolischen Bogen ausgestattet, um die Reibung zu verringern. Sie wird dort eingesetzt, wo die Leistung relativ gro\u00df und die Laufgeschwindigkeit relativ langsam ist. Sie hat offensichtliche Vorteile gegen\u00fcber der Riemen\u00fcbertragung, z. B. bei Tanks, pneumatischen Kompressoren usw., aber die \u00dcbertragungsgeschwindigkeit kann nicht zu schnell sein, da die Flexibilit\u00e4t der Kette nicht so gut ist wie die der Riemen\u00fcbertragung. Ketten aus rostfreiem Stahl eignen sich besonders f\u00fcr die Reinigung oder bestimmte chemisch anspruchsvolle Bereiche sowie f\u00fcr hohe und niedrige Temperaturen.<\/p>\n<figure id=\"attachment_1223\" aria-describedby=\"caption-attachment-1223\" style=\"width: 750px\" class=\"wp-caption alignnone\"><img fetchpriority=\"high\" decoding=\"async\" class=\"wp-image-1223 size-full\" src=\"https:\/\/www.metalwireforms.com\/wp-content\/uploads\/2021\/09\/metal-chine-5.jpg\" alt=\"Kinn aus Metall (5)\" width=\"750\" height=\"572\" srcset=\"https:\/\/www.metalwireforms.com\/wp-content\/uploads\/2021\/09\/metal-chine-5.jpg 750w, https:\/\/www.metalwireforms.com\/wp-content\/uploads\/2021\/09\/metal-chine-5-300x229.jpg 300w, https:\/\/www.metalwireforms.com\/wp-content\/uploads\/2021\/09\/metal-chine-5-150x114.jpg 150w, https:\/\/www.metalwireforms.com\/wp-content\/uploads\/2021\/09\/metal-chine-5-600x458.jpg 600w\" sizes=\"(max-width: 750px) 100vw, 750px\" \/><figcaption id=\"caption-attachment-1223\" class=\"wp-caption-text\">Kinn aus Metall (5)<\/figcaption><\/figure>\n<h3>Merkmal<\/h3>\n<p>Solides Produkt. Die Edelstahlkette ist aus massivem Edelstahl gefertigt, was die Qualit\u00e4t des Produkts verbessert und die Tragf\u00e4higkeit erh\u00f6ht. Sie ist sicherer und zuverl\u00e4ssiger. Das authentische 304 Material wird anstelle von verzinktem verwendet.<br \/>\nDie geschlossenen \u00d6ffnungen jedes Glieds der Schwei\u00dfbehandlungskette sind vollst\u00e4ndig verschwei\u00dft, und die Schnittstelle ist stark und sch\u00f6n, vermeidet die Hauptbelastungspunkte und ist sicher und zuverl\u00e4ssig.<br \/>\nPoliert. Die Oberfl\u00e4che dieses Produkts wurde poliert, um die Rost- und Korrosionsbest\u00e4ndigkeit des Produkts zu verst\u00e4rken, und es ist nicht leicht, die Farbe f\u00fcr eine lange Zeit zu \u00e4ndern.<br \/>\nEine Vielzahl von Stilen, eine Vielzahl von Stilen, die Optionen bieten, unterst\u00fctzen die individuelle Anpassung.<\/p>\n<h3>Anmeldung<\/h3>\n<p>Verschiedene Spezifikationen von Eisenketten eignen sich f\u00fcr die Diebstahlsicherung, den Schutz von Flusslandschaften, die Energieversorgung, die Stra\u00dfenverwaltung, die Beleuchtung, das Transportwesen, Haustierketten, Bekleidungsketten, Kletterketten, Bergsteigerketten, den Br\u00fcckenbau, die Maschinenherstellung, den Maschinenbau, den Schiffbau usw.<\/p>","protected":false},"excerpt":{"rendered":"<p>Solides Produkt. Die Edelstahlkette ist aus massivem Edelstahl gefertigt, was die Qualit\u00e4t des Produkts verbessert und die Tragf\u00e4higkeit erh\u00f6ht. Sie ist sicherer und zuverl\u00e4ssiger. Das authentische 304 Material wird anstelle von verzinktem verwendet.<\/p>","protected":false},"featured_media":1220,"template":"","meta":{"ocean_post_layout":"","ocean_both_sidebars_style":"","ocean_both_sidebars_content_width":0,"ocean_both_sidebars_sidebars_width":0,"ocean_sidebar":"0","ocean_second_sidebar":"0","ocean_disable_margins":"enable","ocean_add_body_class":"","ocean_shortcode_before_top_bar":"","ocean_shortcode_after_top_bar":"","ocean_shortcode_before_header":"","ocean_shortcode_after_header":"","ocean_has_shortcode":"","ocean_shortcode_after_title":"","ocean_shortcode_before_footer_widgets":"","ocean_shortcode_after_footer_widgets":"","ocean_shortcode_before_footer_bottom":"","ocean_shortcode_after_footer_bottom":"","ocean_display_top_bar":"default","ocean_display_header":"default","ocean_header_style":"","ocean_center_header_left_menu":"0","ocean_custom_header_template":"0","ocean_custom_logo":0,"ocean_custom_retina_logo":0,"ocean_custom_logo_max_width":0,"ocean_custom_logo_tablet_max_width":0,"ocean_custom_logo_mobile_max_width":0,"ocean_custom_logo_max_height":0,"ocean_custom_logo_tablet_max_height":0,"ocean_custom_logo_mobile_max_height":0,"ocean_header_custom_menu":"0","ocean_menu_typo_font_family":"0","ocean_menu_typo_font_subset":"","ocean_menu_typo_font_size":0,"ocean_menu_typo_font_size_tablet":0,"ocean_menu_typo_font_size_mobile":0,"ocean_menu_typo_font_size_unit":"px","ocean_menu_typo_font_weight":"","ocean_menu_typo_font_weight_tablet":"","ocean_menu_typo_font_weight_mobile":"","ocean_menu_typo_transform":"","ocean_menu_typo_transform_tablet":"","ocean_menu_typo_transform_mobile":"","ocean_menu_typo_line_height":0,"ocean_menu_typo_line_height_tablet":0,"ocean_menu_typo_line_height_mobile":0,"ocean_menu_typo_line_height_unit":"","ocean_menu_typo_spacing":0,"ocean_menu_typo_spacing_tablet":0,"ocean_menu_typo_spacing_mobile":0,"ocean_menu_typo_spacing_unit":"","ocean_menu_link_color":"","ocean_menu_link_color_hover":"","ocean_menu_link_color_active":"","ocean_menu_link_background":"","ocean_menu_link_hover_background":"","ocean_menu_link_active_background":"","ocean_menu_social_links_bg":"","ocean_menu_social_hover_links_bg":"","ocean_menu_social_links_color":"","ocean_menu_social_hover_links_color":"","ocean_disable_title":"default","ocean_disable_heading":"default","ocean_post_title":"","ocean_post_subheading":"","ocean_post_title_style":"","ocean_post_title_background_color":"","ocean_post_title_background":0,"ocean_post_title_bg_image_position":"","ocean_post_title_bg_image_attachment":"","ocean_post_title_bg_image_repeat":"","ocean_post_title_bg_image_size":"","ocean_post_title_height":0,"ocean_post_title_bg_overlay":0.5,"ocean_post_title_bg_overlay_color":"","ocean_disable_breadcrumbs":"default","ocean_breadcrumbs_color":"","ocean_breadcrumbs_separator_color":"","ocean_breadcrumbs_links_color":"","ocean_breadcrumbs_links_hover_color":"","ocean_display_footer_widgets":"default","ocean_display_footer_bottom":"default","ocean_custom_footer_template":"0","ofc_meta_disable_footer_callout":"","ofc_meta_callout_button_url":"","ofc_meta_callout_button_txt":"","ofc_meta_callout_text":"","osh_disable_topbar_sticky":"default","osh_disable_header_sticky":"default","osh_sticky_header_style":"default","osh_sticky_header_effect":"","osh_custom_sticky_logo":0,"osh_custom_retina_sticky_logo":0,"osh_custom_sticky_logo_height":0,"osh_background_color":"","osh_links_color":"","osh_links_hover_color":"","osh_links_active_color":"","osh_links_bg_color":"","osh_links_hover_bg_color":"","osh_links_active_bg_color":"","osh_menu_social_links_color":"","osh_menu_social_hover_links_color":""},"product_brand":[],"product_cat":[147,75],"product_tag":[82,84,83],"class_list":{"0":"post-1218","1":"product","2":"type-product","3":"status-publish","4":"has-post-thumbnail","6":"product_cat-custom-wire-forms","7":"product_cat-custom-wire-chains","8":"product_tag-304-metal-chain","9":"product_tag-ring-chain","10":"product_tag-stainless-steel-chain","12":"entry","13":"has-media","15":"first","16":"instock","17":"shipping-taxable","18":"product-type-external","19":"col","20":"span_1_of_3","21":"owp-content-center","22":"owp-thumbs-layout-horizontal","23":"owp-btn-very-big","24":"owp-tabs-layout-horizontal","25":"circle-sale"},"_links":{"self":[{"href":"https:\/\/www.metalwireforms.com\/de\/wp-json\/wp\/v2\/product\/1218","targetHints":{"allow":["GET"]}}],"collection":[{"href":"https:\/\/www.metalwireforms.com\/de\/wp-json\/wp\/v2\/product"}],"about":[{"href":"https:\/\/www.metalwireforms.com\/de\/wp-json\/wp\/v2\/types\/product"}],"version-history":[{"count":3,"href":"https:\/\/www.metalwireforms.com\/de\/wp-json\/wp\/v2\/product\/1218\/revisions"}],"predecessor-version":[{"id":1702,"href":"https:\/\/www.metalwireforms.com\/de\/wp-json\/wp\/v2\/product\/1218\/revisions\/1702"}],"wp:featuredmedia":[{"embeddable":true,"href":"https:\/\/www.metalwireforms.com\/de\/wp-json\/wp\/v2\/media\/1220"}],"wp:attachment":[{"href":"https:\/\/www.metalwireforms.com\/de\/wp-json\/wp\/v2\/media?parent=1218"}],"wp:term":[{"taxonomy":"product_brand","embeddable":true,"href":"https:\/\/www.metalwireforms.com\/de\/wp-json\/wp\/v2\/product_brand?post=1218"},{"taxonomy":"product_cat","embeddable":true,"href":"https:\/\/www.metalwireforms.com\/de\/wp-json\/wp\/v2\/product_cat?post=1218"},{"taxonomy":"product_tag","embeddable":true,"href":"https:\/\/www.metalwireforms.com\/de\/wp-json\/wp\/v2\/product_tag?post=1218"}],"curies":[{"name":"wp","href":"https:\/\/api.w.org\/{rel}","templated":true}]}}