{"id":1196,"date":"2021-09-20T08:45:31","date_gmt":"2021-09-20T08:45:31","guid":{"rendered":"https:\/\/www.xsmetalforming.com\/?post_type=product&#038;p=1196"},"modified":"2022-08-29T02:19:56","modified_gmt":"2022-08-29T02:19:56","slug":"china-factory-custom-production-flat-metal-spring-clip","status":"publish","type":"product","link":"https:\/\/www.metalwireforms.com\/de\/produkt\/china-factory-custom-production-flat-metal-spring-clip","title":{"rendered":"Fabrik benutzerdefinierte Multifunktions-Draht Metall Fr\u00fchling Clip"},"content":{"rendered":"<p>Binder Clip, auch bekannt als Schwalbenschwanz-Clip, ist eine Art Clip-Schreibwaren, aus Metall, verwendet, um einen Stapel von Dateien zu sammeln. Die lange Schwanzklammer wird auch Ph\u00f6nixschwanzklammer oder Tickethalter genannt. Der Griff ist beweglich, das Papier sitzt fest und f\u00e4llt nicht so leicht ab; reines Metallmaterial, leicht zu zerlegen, wiederverwertbar, umweltfreundlich und langlebig, egal ob Sie ein Student oder ein Berufst\u00e4tiger sind, es lohnt sich, damit anzufangen. Um Hilfe f\u00fcr Ihre Studie und Arbeit zu bieten, ist ein guter Helfer f\u00fcr Ihr B\u00fcro.<\/p>\n<figure id=\"attachment_1203\" aria-describedby=\"caption-attachment-1203\" style=\"width: 800px\" class=\"wp-caption alignnone\"><img fetchpriority=\"high\" decoding=\"async\" class=\"wp-image-1203 size-full\" src=\"https:\/\/www.metalwireforms.com\/wp-content\/uploads\/2021\/09\/metal-clip-6.jpg\" alt=\"Metallklammer (6)\" width=\"800\" height=\"800\" srcset=\"https:\/\/www.metalwireforms.com\/wp-content\/uploads\/2021\/09\/metal-clip-6.jpg 800w, https:\/\/www.metalwireforms.com\/wp-content\/uploads\/2021\/09\/metal-clip-6-300x300.jpg 300w, https:\/\/www.metalwireforms.com\/wp-content\/uploads\/2021\/09\/metal-clip-6-150x150.jpg 150w, https:\/\/www.metalwireforms.com\/wp-content\/uploads\/2021\/09\/metal-clip-6-768x768.jpg 768w, https:\/\/www.metalwireforms.com\/wp-content\/uploads\/2021\/09\/metal-clip-6-600x600.jpg 600w, https:\/\/www.metalwireforms.com\/wp-content\/uploads\/2021\/09\/metal-clip-6-100x100.jpg 100w\" sizes=\"(max-width: 800px) 100vw, 800px\" \/><figcaption id=\"caption-attachment-1203\" class=\"wp-caption-text\">Metallklammer (6)<\/figcaption><\/figure>\n<h3>Merkmal<\/h3>\n<p>Die Produkte sind exquisit, erschwinglich und k\u00f6nnen je nach Kundenwunsch in jeder Farbe und Form angepasst werden. Es sind keine Formkosten erforderlich. Die Qualit\u00e4t ist zuverl\u00e4ssig und die Produkte sind umweltfreundlich und f\u00fcr den Export verf\u00fcgbar. Material: 201 Edelstahl, exquisite Verarbeitung, langlebig. Verfahren: Die Oberfl\u00e4che wird von Hand mit Hochglanztechnik poliert, glatt und hygienisch, und nicht leicht zu rosten. Anwendungsbereich: geeignet f\u00fcr Familienk\u00fcchen, B\u00e4der, Wohnzimmer, Garderoben, etc.<\/p>\n<h3>Anmeldung<\/h3>\n<p>Es kann je nach Einsatzort im t\u00e4glichen Leben individuell gestaltet und hergestellt werden, z. B. als kreatives Schreibwarengeschenk, Werbegeschenk, Geburtstagsgeschenk, Studentenbriefpapier usw.<\/p>","protected":false},"excerpt":{"rendered":"<p>Die Produkte sind exquisit, erschwinglich und k\u00f6nnen je nach Kundenwunsch in jeder Farbe und Form angepasst werden. Es sind keine Formkosten erforderlich. Die Qualit\u00e4t ist zuverl\u00e4ssig und die Produkte sind umweltfreundlich und f\u00fcr den Export verf\u00fcgbar.<\/p>","protected":false},"featured_media":1198,"template":"","meta":{"ocean_post_layout":"","ocean_both_sidebars_style":"","ocean_both_sidebars_content_width":0,"ocean_both_sidebars_sidebars_width":0,"ocean_sidebar":"0","ocean_second_sidebar":"0","ocean_disable_margins":"enable","ocean_add_body_class":"","ocean_shortcode_before_top_bar":"","ocean_shortcode_after_top_bar":"","ocean_shortcode_before_header":"","ocean_shortcode_after_header":"","ocean_has_shortcode":"","ocean_shortcode_after_title":"","ocean_shortcode_before_footer_widgets":"","ocean_shortcode_after_footer_widgets":"","ocean_shortcode_before_footer_bottom":"","ocean_shortcode_after_footer_bottom":"","ocean_display_top_bar":"default","ocean_display_header":"default","ocean_header_style":"","ocean_center_header_left_menu":"0","ocean_custom_header_template":"0","ocean_custom_logo":0,"ocean_custom_retina_logo":0,"ocean_custom_logo_max_width":0,"ocean_custom_logo_tablet_max_width":0,"ocean_custom_logo_mobile_max_width":0,"ocean_custom_logo_max_height":0,"ocean_custom_logo_tablet_max_height":0,"ocean_custom_logo_mobile_max_height":0,"ocean_header_custom_menu":"0","ocean_menu_typo_font_family":"0","ocean_menu_typo_font_subset":"","ocean_menu_typo_font_size":0,"ocean_menu_typo_font_size_tablet":0,"ocean_menu_typo_font_size_mobile":0,"ocean_menu_typo_font_size_unit":"px","ocean_menu_typo_font_weight":"","ocean_menu_typo_font_weight_tablet":"","ocean_menu_typo_font_weight_mobile":"","ocean_menu_typo_transform":"","ocean_menu_typo_transform_tablet":"","ocean_menu_typo_transform_mobile":"","ocean_menu_typo_line_height":0,"ocean_menu_typo_line_height_tablet":0,"ocean_menu_typo_line_height_mobile":0,"ocean_menu_typo_line_height_unit":"","ocean_menu_typo_spacing":0,"ocean_menu_typo_spacing_tablet":0,"ocean_menu_typo_spacing_mobile":0,"ocean_menu_typo_spacing_unit":"","ocean_menu_link_color":"","ocean_menu_link_color_hover":"","ocean_menu_link_color_active":"","ocean_menu_link_background":"","ocean_menu_link_hover_background":"","ocean_menu_link_active_background":"","ocean_menu_social_links_bg":"","ocean_menu_social_hover_links_bg":"","ocean_menu_social_links_color":"","ocean_menu_social_hover_links_color":"","ocean_disable_title":"default","ocean_disable_heading":"default","ocean_post_title":"","ocean_post_subheading":"","ocean_post_title_style":"","ocean_post_title_background_color":"","ocean_post_title_background":0,"ocean_post_title_bg_image_position":"","ocean_post_title_bg_image_attachment":"","ocean_post_title_bg_image_repeat":"","ocean_post_title_bg_image_size":"","ocean_post_title_height":0,"ocean_post_title_bg_overlay":0.5,"ocean_post_title_bg_overlay_color":"","ocean_disable_breadcrumbs":"default","ocean_breadcrumbs_color":"","ocean_breadcrumbs_separator_color":"","ocean_breadcrumbs_links_color":"","ocean_breadcrumbs_links_hover_color":"","ocean_display_footer_widgets":"default","ocean_display_footer_bottom":"default","ocean_custom_footer_template":"0","ofc_meta_disable_footer_callout":"","ofc_meta_callout_button_url":"","ofc_meta_callout_button_txt":"","ofc_meta_callout_text":"","osh_disable_topbar_sticky":"default","osh_disable_header_sticky":"default","osh_sticky_header_style":"default","osh_sticky_header_effect":"","osh_custom_sticky_logo":0,"osh_custom_retina_sticky_logo":0,"osh_custom_sticky_logo_height":0,"osh_background_color":"","osh_links_color":"","osh_links_hover_color":"","osh_links_active_color":"","osh_links_bg_color":"","osh_links_hover_bg_color":"","osh_links_active_bg_color":"","osh_menu_social_links_color":"","osh_menu_social_hover_links_color":""},"product_brand":[],"product_cat":[145,34],"product_tag":[77,78,76],"class_list":{"0":"post-1196","1":"product","2":"type-product","3":"status-publish","4":"has-post-thumbnail","6":"product_cat-custom-wire-fasteners","7":"product_cat-custom-other-clips","8":"product_tag-drying-clothes-clips","9":"product_tag-metal-clip","10":"product_tag-stainless-steel-clip","12":"entry","13":"has-media","15":"first","16":"instock","17":"featured","18":"shipping-taxable","19":"product-type-external","20":"col","21":"span_1_of_3","22":"owp-content-center","23":"owp-thumbs-layout-horizontal","24":"owp-btn-very-big","25":"owp-tabs-layout-horizontal","26":"circle-sale"},"_links":{"self":[{"href":"https:\/\/www.metalwireforms.com\/de\/wp-json\/wp\/v2\/product\/1196","targetHints":{"allow":["GET"]}}],"collection":[{"href":"https:\/\/www.metalwireforms.com\/de\/wp-json\/wp\/v2\/product"}],"about":[{"href":"https:\/\/www.metalwireforms.com\/de\/wp-json\/wp\/v2\/types\/product"}],"version-history":[{"count":3,"href":"https:\/\/www.metalwireforms.com\/de\/wp-json\/wp\/v2\/product\/1196\/revisions"}],"predecessor-version":[{"id":2301,"href":"https:\/\/www.metalwireforms.com\/de\/wp-json\/wp\/v2\/product\/1196\/revisions\/2301"}],"wp:featuredmedia":[{"embeddable":true,"href":"https:\/\/www.metalwireforms.com\/de\/wp-json\/wp\/v2\/media\/1198"}],"wp:attachment":[{"href":"https:\/\/www.metalwireforms.com\/de\/wp-json\/wp\/v2\/media?parent=1196"}],"wp:term":[{"taxonomy":"product_brand","embeddable":true,"href":"https:\/\/www.metalwireforms.com\/de\/wp-json\/wp\/v2\/product_brand?post=1196"},{"taxonomy":"product_cat","embeddable":true,"href":"https:\/\/www.metalwireforms.com\/de\/wp-json\/wp\/v2\/product_cat?post=1196"},{"taxonomy":"product_tag","embeddable":true,"href":"https:\/\/www.metalwireforms.com\/de\/wp-json\/wp\/v2\/product_tag?post=1196"}],"curies":[{"name":"wp","href":"https:\/\/api.w.org\/{rel}","templated":true}]}}