{"id":1183,"date":"2021-09-17T09:21:14","date_gmt":"2021-09-17T09:21:14","guid":{"rendered":"https:\/\/www.xsmetalforming.com\/?post_type=product&#038;p=1183"},"modified":"2022-07-25T02:56:38","modified_gmt":"2022-07-25T02:56:38","slug":"various-specifications-of-d-shaped-semi-circular-metal-buckle","status":"publish","type":"product","link":"https:\/\/www.metalwireforms.com\/de\/produkt\/various-specifications-of-d-shaped-semi-circular-metal-buckle","title":{"rendered":"Verschiedene Spezifikationen der D-f\u00f6rmigen, halbrunden Metallschnalle"},"content":{"rendered":"<p>Weil die Form D-f\u00f6rmig ist, wird sie D-Schnalle genannt, auch bekannt als D-f\u00f6rmige Schnalle, D-f\u00f6rmige Schnalle. Weit verbreitet in der Produktion von Gep\u00e4ckriemen, h\u00e4ufig verwendete Farben sind Bronze, Kupfer Pinsel (auch bekannt als gr\u00fcne alte B\u00fcrste), Silber, gun black, Gold und so weiter. \u00dcbliche Gr\u00f6\u00dfen sind 1 cm, 1,5 cm, 2 cm, 2,5 cm, 3 cm, 3,8 cm usw., die je nach Breite des Gurtes ausgew\u00e4hlt werden sollten.<\/p>\n<p><img fetchpriority=\"high\" decoding=\"async\" class=\"wp-image-1192 size-full\" src=\"https:\/\/www.metalwireforms.com\/wp-content\/uploads\/2021\/09\/D-buckle-5.jpg\" alt=\"D Schnalle (5)\" width=\"800\" height=\"800\" srcset=\"https:\/\/www.metalwireforms.com\/wp-content\/uploads\/2021\/09\/D-buckle-5.jpg 800w, https:\/\/www.metalwireforms.com\/wp-content\/uploads\/2021\/09\/D-buckle-5-300x300.jpg 300w, https:\/\/www.metalwireforms.com\/wp-content\/uploads\/2021\/09\/D-buckle-5-150x150.jpg 150w, https:\/\/www.metalwireforms.com\/wp-content\/uploads\/2021\/09\/D-buckle-5-768x768.jpg 768w, https:\/\/www.metalwireforms.com\/wp-content\/uploads\/2021\/09\/D-buckle-5-600x600.jpg 600w, https:\/\/www.metalwireforms.com\/wp-content\/uploads\/2021\/09\/D-buckle-5-100x100.jpg 100w\" sizes=\"(max-width: 800px) 100vw, 800px\" \/><\/p>\n<h3>Merkmal<\/h3>\n<p>Die D-Schnalle besteht aus hochwertigen Metallmaterialien, die nicht leicht zu korrodieren und zu besch\u00e4digen sind, und die Qualit\u00e4t ist stark und langlebig. Feine Verarbeitung, Polieren und Galvanik Prozess, einheitliche Farbe, nicht leicht zu verblassen, glatten Kontakt und nicht reizen.<\/p>\n<h3>Anmeldung<\/h3>\n<p>D-f\u00f6rmige Schnallen spielen eine sehr wichtige Rolle in verschiedenen Bereichen, z. B. bei Kleidung und Accessoires, bei Gep\u00e4ck und Lederwaren, bei M\u00f6beln usw. D-f\u00f6rmige Schnallen werden als Griff zum Verbinden von Kleidung, zum Herstellen von Gep\u00e4ck und M\u00f6beln, zum Herstellen von Lederdekoration und so weiter verwendet.<\/p>\n<p>&nbsp;<\/p>","protected":false},"excerpt":{"rendered":"<p>Die D-Schnalle besteht aus hochwertigen Metallmaterialien, die nicht leicht zu korrodieren und zu besch\u00e4digen sind, und die Qualit\u00e4t ist stark und langlebig. Feine Verarbeitung, Polieren und Galvanik Prozess, einheitliche Farbe, nicht leicht zu verblassen, glatten Kontakt und nicht reizen.<\/p>","protected":false},"featured_media":1191,"template":"","meta":{"ocean_post_layout":"","ocean_both_sidebars_style":"","ocean_both_sidebars_content_width":0,"ocean_both_sidebars_sidebars_width":0,"ocean_sidebar":"0","ocean_second_sidebar":"0","ocean_disable_margins":"enable","ocean_add_body_class":"","ocean_shortcode_before_top_bar":"","ocean_shortcode_after_top_bar":"","ocean_shortcode_before_header":"","ocean_shortcode_after_header":"","ocean_has_shortcode":"","ocean_shortcode_after_title":"","ocean_shortcode_before_footer_widgets":"","ocean_shortcode_after_footer_widgets":"","ocean_shortcode_before_footer_bottom":"","ocean_shortcode_after_footer_bottom":"","ocean_display_top_bar":"default","ocean_display_header":"default","ocean_header_style":"","ocean_center_header_left_menu":"0","ocean_custom_header_template":"0","ocean_custom_logo":0,"ocean_custom_retina_logo":0,"ocean_custom_logo_max_width":0,"ocean_custom_logo_tablet_max_width":0,"ocean_custom_logo_mobile_max_width":0,"ocean_custom_logo_max_height":0,"ocean_custom_logo_tablet_max_height":0,"ocean_custom_logo_mobile_max_height":0,"ocean_header_custom_menu":"0","ocean_menu_typo_font_family":"0","ocean_menu_typo_font_subset":"","ocean_menu_typo_font_size":0,"ocean_menu_typo_font_size_tablet":0,"ocean_menu_typo_font_size_mobile":0,"ocean_menu_typo_font_size_unit":"px","ocean_menu_typo_font_weight":"","ocean_menu_typo_font_weight_tablet":"","ocean_menu_typo_font_weight_mobile":"","ocean_menu_typo_transform":"","ocean_menu_typo_transform_tablet":"","ocean_menu_typo_transform_mobile":"","ocean_menu_typo_line_height":0,"ocean_menu_typo_line_height_tablet":0,"ocean_menu_typo_line_height_mobile":0,"ocean_menu_typo_line_height_unit":"","ocean_menu_typo_spacing":0,"ocean_menu_typo_spacing_tablet":0,"ocean_menu_typo_spacing_mobile":0,"ocean_menu_typo_spacing_unit":"","ocean_menu_link_color":"","ocean_menu_link_color_hover":"","ocean_menu_link_color_active":"","ocean_menu_link_background":"","ocean_menu_link_hover_background":"","ocean_menu_link_active_background":"","ocean_menu_social_links_bg":"","ocean_menu_social_hover_links_bg":"","ocean_menu_social_links_color":"","ocean_menu_social_hover_links_color":"","ocean_disable_title":"default","ocean_disable_heading":"default","ocean_post_title":"","ocean_post_subheading":"","ocean_post_title_style":"","ocean_post_title_background_color":"","ocean_post_title_background":0,"ocean_post_title_bg_image_position":"","ocean_post_title_bg_image_attachment":"","ocean_post_title_bg_image_repeat":"","ocean_post_title_bg_image_size":"","ocean_post_title_height":0,"ocean_post_title_bg_overlay":0.5,"ocean_post_title_bg_overlay_color":"","ocean_disable_breadcrumbs":"default","ocean_breadcrumbs_color":"","ocean_breadcrumbs_separator_color":"","ocean_breadcrumbs_links_color":"","ocean_breadcrumbs_links_hover_color":"","ocean_display_footer_widgets":"default","ocean_display_footer_bottom":"default","ocean_custom_footer_template":"0","ofc_meta_disable_footer_callout":"","ofc_meta_callout_button_url":"","ofc_meta_callout_button_txt":"","ofc_meta_callout_text":"","osh_disable_topbar_sticky":"default","osh_disable_header_sticky":"default","osh_sticky_header_style":"default","osh_sticky_header_effect":"","osh_custom_sticky_logo":0,"osh_custom_retina_sticky_logo":0,"osh_custom_sticky_logo_height":0,"osh_background_color":"","osh_links_color":"","osh_links_hover_color":"","osh_links_active_color":"","osh_links_bg_color":"","osh_links_hover_bg_color":"","osh_links_active_bg_color":"","osh_menu_social_links_color":"","osh_menu_social_hover_links_color":""},"product_brand":[],"product_cat":[145,33],"product_tag":[69,71,70],"class_list":{"0":"post-1183","1":"product","2":"type-product","3":"status-publish","4":"has-post-thumbnail","6":"product_cat-custom-wire-fasteners","7":"product_cat-custom-wire-buckles","8":"product_tag-d-shaped-buckle","9":"product_tag-half-round-button","10":"product_tag-steel-buckle","12":"entry","13":"has-media","15":"first","16":"instock","17":"shipping-taxable","18":"product-type-external","19":"col","20":"span_1_of_3","21":"owp-content-center","22":"owp-thumbs-layout-horizontal","23":"owp-btn-very-big","24":"owp-tabs-layout-horizontal","25":"circle-sale"},"_links":{"self":[{"href":"https:\/\/www.metalwireforms.com\/de\/wp-json\/wp\/v2\/product\/1183","targetHints":{"allow":["GET"]}}],"collection":[{"href":"https:\/\/www.metalwireforms.com\/de\/wp-json\/wp\/v2\/product"}],"about":[{"href":"https:\/\/www.metalwireforms.com\/de\/wp-json\/wp\/v2\/types\/product"}],"version-history":[{"count":1,"href":"https:\/\/www.metalwireforms.com\/de\/wp-json\/wp\/v2\/product\/1183\/revisions"}],"predecessor-version":[{"id":1193,"href":"https:\/\/www.metalwireforms.com\/de\/wp-json\/wp\/v2\/product\/1183\/revisions\/1193"}],"wp:featuredmedia":[{"embeddable":true,"href":"https:\/\/www.metalwireforms.com\/de\/wp-json\/wp\/v2\/media\/1191"}],"wp:attachment":[{"href":"https:\/\/www.metalwireforms.com\/de\/wp-json\/wp\/v2\/media?parent=1183"}],"wp:term":[{"taxonomy":"product_brand","embeddable":true,"href":"https:\/\/www.metalwireforms.com\/de\/wp-json\/wp\/v2\/product_brand?post=1183"},{"taxonomy":"product_cat","embeddable":true,"href":"https:\/\/www.metalwireforms.com\/de\/wp-json\/wp\/v2\/product_cat?post=1183"},{"taxonomy":"product_tag","embeddable":true,"href":"https:\/\/www.metalwireforms.com\/de\/wp-json\/wp\/v2\/product_tag?post=1183"}],"curies":[{"name":"wp","href":"https:\/\/api.w.org\/{rel}","templated":true}]}}