{"id":1165,"date":"2021-09-17T08:21:45","date_gmt":"2021-09-17T08:21:45","guid":{"rendered":"https:\/\/www.xsmetalforming.com\/?post_type=product&#038;p=1165"},"modified":"2022-07-25T02:56:32","modified_gmt":"2022-07-25T02:56:32","slug":"spot-wholesale-custom-304-201-stainless-steel-s-hook","status":"publish","type":"product","link":"https:\/\/www.metalwireforms.com\/de\/produkt\/spot-wholesale-custom-304-201-stainless-steel-s-hook","title":{"rendered":"Spot Gro\u00dfhandel benutzerdefinierte 304 201 Edelstahl s Haken"},"content":{"rendered":"<p>Die Oberfl\u00e4chenbeschichtung kann Rost und Korrosion wirksam verhindern, und der Gesamtglanz ist sch\u00f6ner.<br \/>\nDas Produkt ist gut verarbeitet, und die Oberfl\u00e4che ist glatt, ohne abzustumpfen. Es ist bequemer, nicht zu schneiden oder zu verletzen Objekte.<br \/>\nK\u00f6rperformung, S-f\u00f6rmige sch\u00f6ne Kurve, glatt und flach, ohne H\u00e4nde und Gegenst\u00e4nde zu verletzen.<br \/>\nDer kleine Haken ist von gro\u00dfem Nutzen. Er kann an jedem Ort in jeder Szene eingesetzt werden und nimmt keinen Platz weg.<\/p>\n<figure id=\"attachment_1171\" aria-describedby=\"caption-attachment-1171\" style=\"width: 800px\" class=\"wp-caption alignnone\"><img fetchpriority=\"high\" decoding=\"async\" class=\"wp-image-1171 size-full\" src=\"https:\/\/www.metalwireforms.com\/wp-content\/uploads\/2021\/09\/304-S-hook-6.jpg\" alt=\"304 S Haken (6)\" width=\"800\" height=\"450\" srcset=\"https:\/\/www.metalwireforms.com\/wp-content\/uploads\/2021\/09\/304-S-hook-6.jpg 800w, https:\/\/www.metalwireforms.com\/wp-content\/uploads\/2021\/09\/304-S-hook-6-300x169.jpg 300w, https:\/\/www.metalwireforms.com\/wp-content\/uploads\/2021\/09\/304-S-hook-6-768x432.jpg 768w, https:\/\/www.metalwireforms.com\/wp-content\/uploads\/2021\/09\/304-S-hook-6-600x338.jpg 600w\" sizes=\"(max-width: 800px) 100vw, 800px\" \/><figcaption id=\"caption-attachment-1171\" class=\"wp-caption-text\">304 S Haken (6)<\/figcaption><\/figure>\n<h3>Merkmal<\/h3>\n<p>Hauptkategorien: S-Haken, Lampenhaken, T\u00fcrhaken, Vorhanghaken, Kleiderb\u00fcgelhaken, 7-Haken, 9-Haken, Haken, Zughaken, Haken in Sonderform, usw.<br \/>\nHauptmaterialien: 201 304 Stahldraht, Eisendraht, verzinkter Draht, mit Klebstoff beschichteter Draht, usw. Oberfl\u00e4chenbehandlung: Vernickelung, Verzinkung, Elektrophorese, Einbrennen von Farbe, etc.<\/p>\n<h3>Anmeldung<\/h3>\n<p>H\u00e4ngen Sie Handt\u00fccher, Badeblumen und Schmuckst\u00fccke auf, um das Badezimmer sauber und erfrischend zu gestalten. H\u00e4ngen und stellen Sie T\u00f6pfe und Schaufeln, L\u00f6ffel, Pfannen und andere Gegenst\u00e4nde auf, damit es in der K\u00fcche nicht mehr eilig ist. Mit Seilen, H\u00e4ngestangen, Gel\u00e4ndern usw. h\u00e4ngen Sie Topfpflanzen und Windspiele auf, um Ihren eigenen Raum zu schaffen.<\/p>","protected":false},"excerpt":{"rendered":"<p>Es gibt viele Arten von S-Haken, haupts\u00e4chlich die folgenden. S-Haken, Lampenhaken, T\u00fcrhaken, Vorhanghaken, Kleiderb\u00fcgelhaken, 7-Haken, 9-Haken, Haken, Zughaken, speziell geformte Haken, etc.<\/p>","protected":false},"featured_media":1168,"template":"","meta":{"ocean_post_layout":"","ocean_both_sidebars_style":"","ocean_both_sidebars_content_width":0,"ocean_both_sidebars_sidebars_width":0,"ocean_sidebar":"0","ocean_second_sidebar":"0","ocean_disable_margins":"enable","ocean_add_body_class":"","ocean_shortcode_before_top_bar":"","ocean_shortcode_after_top_bar":"","ocean_shortcode_before_header":"","ocean_shortcode_after_header":"","ocean_has_shortcode":"","ocean_shortcode_after_title":"","ocean_shortcode_before_footer_widgets":"","ocean_shortcode_after_footer_widgets":"","ocean_shortcode_before_footer_bottom":"","ocean_shortcode_after_footer_bottom":"","ocean_display_top_bar":"default","ocean_display_header":"default","ocean_header_style":"","ocean_center_header_left_menu":"0","ocean_custom_header_template":"0","ocean_custom_logo":0,"ocean_custom_retina_logo":0,"ocean_custom_logo_max_width":0,"ocean_custom_logo_tablet_max_width":0,"ocean_custom_logo_mobile_max_width":0,"ocean_custom_logo_max_height":0,"ocean_custom_logo_tablet_max_height":0,"ocean_custom_logo_mobile_max_height":0,"ocean_header_custom_menu":"0","ocean_menu_typo_font_family":"0","ocean_menu_typo_font_subset":"","ocean_menu_typo_font_size":0,"ocean_menu_typo_font_size_tablet":0,"ocean_menu_typo_font_size_mobile":0,"ocean_menu_typo_font_size_unit":"px","ocean_menu_typo_font_weight":"","ocean_menu_typo_font_weight_tablet":"","ocean_menu_typo_font_weight_mobile":"","ocean_menu_typo_transform":"","ocean_menu_typo_transform_tablet":"","ocean_menu_typo_transform_mobile":"","ocean_menu_typo_line_height":0,"ocean_menu_typo_line_height_tablet":0,"ocean_menu_typo_line_height_mobile":0,"ocean_menu_typo_line_height_unit":"","ocean_menu_typo_spacing":0,"ocean_menu_typo_spacing_tablet":0,"ocean_menu_typo_spacing_mobile":0,"ocean_menu_typo_spacing_unit":"","ocean_menu_link_color":"","ocean_menu_link_color_hover":"","ocean_menu_link_color_active":"","ocean_menu_link_background":"","ocean_menu_link_hover_background":"","ocean_menu_link_active_background":"","ocean_menu_social_links_bg":"","ocean_menu_social_hover_links_bg":"","ocean_menu_social_links_color":"","ocean_menu_social_hover_links_color":"","ocean_disable_title":"default","ocean_disable_heading":"default","ocean_post_title":"","ocean_post_subheading":"","ocean_post_title_style":"","ocean_post_title_background_color":"","ocean_post_title_background":0,"ocean_post_title_bg_image_position":"","ocean_post_title_bg_image_attachment":"","ocean_post_title_bg_image_repeat":"","ocean_post_title_bg_image_size":"","ocean_post_title_height":0,"ocean_post_title_bg_overlay":0.5,"ocean_post_title_bg_overlay_color":"","ocean_disable_breadcrumbs":"default","ocean_breadcrumbs_color":"","ocean_breadcrumbs_separator_color":"","ocean_breadcrumbs_links_color":"","ocean_breadcrumbs_links_hover_color":"","ocean_display_footer_widgets":"default","ocean_display_footer_bottom":"default","ocean_custom_footer_template":"0","ofc_meta_disable_footer_callout":"","ofc_meta_callout_button_url":"","ofc_meta_callout_button_txt":"","ofc_meta_callout_text":"","osh_disable_topbar_sticky":"default","osh_disable_header_sticky":"default","osh_sticky_header_style":"default","osh_sticky_header_effect":"","osh_custom_sticky_logo":0,"osh_custom_retina_sticky_logo":0,"osh_custom_sticky_logo_height":0,"osh_background_color":"","osh_links_color":"","osh_links_hover_color":"","osh_links_active_color":"","osh_links_bg_color":"","osh_links_hover_bg_color":"","osh_links_active_bg_color":"","osh_menu_social_links_color":"","osh_menu_social_hover_links_color":""},"product_brand":[],"product_cat":[147,31],"product_tag":[68,66,67],"class_list":{"0":"post-1165","1":"product","2":"type-product","3":"status-publish","4":"has-post-thumbnail","6":"product_cat-custom-wire-forms","7":"product_cat-custom-wire-hooks","8":"product_tag-201-j-hook","9":"product_tag-304-s-hook","10":"product_tag-304-s-steel-hook","12":"entry","13":"has-media","15":"first","16":"instock","17":"shipping-taxable","18":"product-type-external","19":"col","20":"span_1_of_3","21":"owp-content-center","22":"owp-thumbs-layout-horizontal","23":"owp-btn-very-big","24":"owp-tabs-layout-horizontal","25":"circle-sale"},"_links":{"self":[{"href":"https:\/\/www.metalwireforms.com\/de\/wp-json\/wp\/v2\/product\/1165","targetHints":{"allow":["GET"]}}],"collection":[{"href":"https:\/\/www.metalwireforms.com\/de\/wp-json\/wp\/v2\/product"}],"about":[{"href":"https:\/\/www.metalwireforms.com\/de\/wp-json\/wp\/v2\/types\/product"}],"version-history":[{"count":1,"href":"https:\/\/www.metalwireforms.com\/de\/wp-json\/wp\/v2\/product\/1165\/revisions"}],"predecessor-version":[{"id":1172,"href":"https:\/\/www.metalwireforms.com\/de\/wp-json\/wp\/v2\/product\/1165\/revisions\/1172"}],"wp:featuredmedia":[{"embeddable":true,"href":"https:\/\/www.metalwireforms.com\/de\/wp-json\/wp\/v2\/media\/1168"}],"wp:attachment":[{"href":"https:\/\/www.metalwireforms.com\/de\/wp-json\/wp\/v2\/media?parent=1165"}],"wp:term":[{"taxonomy":"product_brand","embeddable":true,"href":"https:\/\/www.metalwireforms.com\/de\/wp-json\/wp\/v2\/product_brand?post=1165"},{"taxonomy":"product_cat","embeddable":true,"href":"https:\/\/www.metalwireforms.com\/de\/wp-json\/wp\/v2\/product_cat?post=1165"},{"taxonomy":"product_tag","embeddable":true,"href":"https:\/\/www.metalwireforms.com\/de\/wp-json\/wp\/v2\/product_tag?post=1165"}],"curies":[{"name":"wp","href":"https:\/\/api.w.org\/{rel}","templated":true}]}}