{"id":1132,"date":"2021-09-16T09:08:23","date_gmt":"2021-09-16T09:08:23","guid":{"rendered":"https:\/\/www.xsmetalforming.com\/?post_type=product&#038;p=1132"},"modified":"2022-07-25T02:56:25","modified_gmt":"2022-07-25T02:56:25","slug":"stainless-steel-s-shaped-spring-production-and-processing","status":"publish","type":"product","link":"https:\/\/www.metalwireforms.com\/de\/produkt\/stainless-steel-s-shaped-spring-production-and-processing","title":{"rendered":"Herstellung und Verarbeitung von S-f\u00f6rmigen Federn aus Edelstahl"},"content":{"rendered":"<p>Die Schlangenfeder ist ein Teil aus elastischem Material, das sich unter der Einwirkung einer \u00e4u\u00dferen Kraft verformt, und die Feder, die nach Wegnahme der \u00e4u\u00dferen Kraft in ihre urspr\u00fcngliche Form zur\u00fcckkehrt, wird auch \"Feder\" genannt. Die Serpentinenfeder ist flach, und wenn der runde Draht getroffen wird, sendet er einen Halbbogen aus, und wenn er wieder herauskommt, nimmt er die Form einer Serpentine an. Teile, die durch die elastische Wirkung von Materialien, mechanische Teile mit Elastizit\u00e4t, Serpentinenfedern, eine ist Elastizit\u00e4t und die andere ist Spannung, die gute D\u00e4mpfungswirkung, lange Lebensdauer, hohe \u00dcbertragungseffizienz und bequeme Demontage und Montage hat.<\/p>\n<p><img fetchpriority=\"high\" decoding=\"async\" class=\"alignnone wp-image-1140 size-full\" src=\"https:\/\/www.metalwireforms.com\/wp-content\/uploads\/2021\/09\/Snake-spring-5.jpg\" alt=\"Schlangenfeder (5)\" width=\"940\" height=\"603\" srcset=\"https:\/\/www.metalwireforms.com\/wp-content\/uploads\/2021\/09\/Snake-spring-5.jpg 940w, https:\/\/www.metalwireforms.com\/wp-content\/uploads\/2021\/09\/Snake-spring-5-300x192.jpg 300w, https:\/\/www.metalwireforms.com\/wp-content\/uploads\/2021\/09\/Snake-spring-5-768x493.jpg 768w, https:\/\/www.metalwireforms.com\/wp-content\/uploads\/2021\/09\/Snake-spring-5-600x385.jpg 600w\" sizes=\"(max-width: 940px) 100vw, 940px\" \/><\/p>\n<h3>Merkmal<\/h3>\n<p>Die Schlangenfeder ist ein wichtiger Teil der Sofastruktur, auch S-Feder oder Zugfeder genannt, da ihre Form dem Buchstaben S \u00e4hnelt und sie \u00fcber Zugeigenschaften verf\u00fcgt. Die Schlangenfeder befindet sich am Sitzrahmen des Sofas und ist mit einer Schlangenfederschnalle befestigt. Sie hat die Funktionen einer guten Elastizit\u00e4t, einer langen Lebensdauer und eines verstellbaren Kissenbogens. Sie hat nach und nach das traditionelle Gummiband als Sitzunterlage ersetzt.<\/p>\n<h3>Anmeldung<\/h3>\n<p>Schlangenfedern werden im Allgemeinen in der M\u00f6belindustrie und in Kupplungen verwendet. Es ist weit verbreitet in der Metallurgie, Heben, Engineering Transport, Bergbau, Erd\u00f6l, Schiffbau, Kohle, Gummi, Schiffbau und Hafen Maschinen Hebezeuge verwendet.<\/p>","protected":false},"excerpt":{"rendered":"<p>Die Serpentinenfeder wird auch als Kupplungsfeder bezeichnet. Sie st\u00fctzt sich auf Serpentinenfedern, um das Drehmoment zu \u00fcbertragen. Die Serpentinenfederkupplung ist die fortschrittlichste \u00dcbertragungskomponente f\u00fcr Wellenkupplungen im internationalen Maschinenbau und eine sehr vielseitige \u00dcbertragungskomponente f\u00fcr Wellenkupplungen.<\/p>","protected":false},"featured_media":1138,"template":"","meta":{"ocean_post_layout":"","ocean_both_sidebars_style":"","ocean_both_sidebars_content_width":0,"ocean_both_sidebars_sidebars_width":0,"ocean_sidebar":"0","ocean_second_sidebar":"0","ocean_disable_margins":"enable","ocean_add_body_class":"","ocean_shortcode_before_top_bar":"","ocean_shortcode_after_top_bar":"","ocean_shortcode_before_header":"","ocean_shortcode_after_header":"","ocean_has_shortcode":"","ocean_shortcode_after_title":"","ocean_shortcode_before_footer_widgets":"","ocean_shortcode_after_footer_widgets":"","ocean_shortcode_before_footer_bottom":"","ocean_shortcode_after_footer_bottom":"","ocean_display_top_bar":"default","ocean_display_header":"default","ocean_header_style":"","ocean_center_header_left_menu":"0","ocean_custom_header_template":"0","ocean_custom_logo":0,"ocean_custom_retina_logo":0,"ocean_custom_logo_max_width":0,"ocean_custom_logo_tablet_max_width":0,"ocean_custom_logo_mobile_max_width":0,"ocean_custom_logo_max_height":0,"ocean_custom_logo_tablet_max_height":0,"ocean_custom_logo_mobile_max_height":0,"ocean_header_custom_menu":"0","ocean_menu_typo_font_family":"0","ocean_menu_typo_font_subset":"","ocean_menu_typo_font_size":0,"ocean_menu_typo_font_size_tablet":0,"ocean_menu_typo_font_size_mobile":0,"ocean_menu_typo_font_size_unit":"px","ocean_menu_typo_font_weight":"","ocean_menu_typo_font_weight_tablet":"","ocean_menu_typo_font_weight_mobile":"","ocean_menu_typo_transform":"","ocean_menu_typo_transform_tablet":"","ocean_menu_typo_transform_mobile":"","ocean_menu_typo_line_height":0,"ocean_menu_typo_line_height_tablet":0,"ocean_menu_typo_line_height_mobile":0,"ocean_menu_typo_line_height_unit":"","ocean_menu_typo_spacing":0,"ocean_menu_typo_spacing_tablet":0,"ocean_menu_typo_spacing_mobile":0,"ocean_menu_typo_spacing_unit":"","ocean_menu_link_color":"","ocean_menu_link_color_hover":"","ocean_menu_link_color_active":"","ocean_menu_link_background":"","ocean_menu_link_hover_background":"","ocean_menu_link_active_background":"","ocean_menu_social_links_bg":"","ocean_menu_social_hover_links_bg":"","ocean_menu_social_links_color":"","ocean_menu_social_hover_links_color":"","ocean_disable_title":"default","ocean_disable_heading":"default","ocean_post_title":"","ocean_post_subheading":"","ocean_post_title_style":"","ocean_post_title_background_color":"","ocean_post_title_background":0,"ocean_post_title_bg_image_position":"","ocean_post_title_bg_image_attachment":"","ocean_post_title_bg_image_repeat":"","ocean_post_title_bg_image_size":"","ocean_post_title_height":0,"ocean_post_title_bg_overlay":0.5,"ocean_post_title_bg_overlay_color":"","ocean_disable_breadcrumbs":"default","ocean_breadcrumbs_color":"","ocean_breadcrumbs_separator_color":"","ocean_breadcrumbs_links_color":"","ocean_breadcrumbs_links_hover_color":"","ocean_display_footer_widgets":"default","ocean_display_footer_bottom":"default","ocean_custom_footer_template":"0","ofc_meta_disable_footer_callout":"","ofc_meta_callout_button_url":"","ofc_meta_callout_button_txt":"","ofc_meta_callout_text":"","osh_disable_topbar_sticky":"default","osh_disable_header_sticky":"default","osh_sticky_header_style":"default","osh_sticky_header_effect":"","osh_custom_sticky_logo":0,"osh_custom_retina_sticky_logo":0,"osh_custom_sticky_logo_height":0,"osh_background_color":"","osh_links_color":"","osh_links_hover_color":"","osh_links_active_color":"","osh_links_bg_color":"","osh_links_hover_bg_color":"","osh_links_active_bg_color":"","osh_menu_social_links_color":"","osh_menu_social_hover_links_color":""},"product_brand":[],"product_cat":[144,29],"product_tag":[63,62,61],"class_list":{"0":"post-1132","1":"product","2":"type-product","3":"status-publish","4":"has-post-thumbnail","6":"product_cat-custom-springs","7":"product_cat-custom-snake-springs","8":"product_tag-coupling-spring","9":"product_tag-s-shaped-spring","10":"product_tag-snake-spring","12":"entry","13":"has-media","15":"first","16":"instock","17":"shipping-taxable","18":"product-type-external","19":"col","20":"span_1_of_3","21":"owp-content-center","22":"owp-thumbs-layout-horizontal","23":"owp-btn-very-big","24":"owp-tabs-layout-horizontal","25":"circle-sale"},"_links":{"self":[{"href":"https:\/\/www.metalwireforms.com\/de\/wp-json\/wp\/v2\/product\/1132","targetHints":{"allow":["GET"]}}],"collection":[{"href":"https:\/\/www.metalwireforms.com\/de\/wp-json\/wp\/v2\/product"}],"about":[{"href":"https:\/\/www.metalwireforms.com\/de\/wp-json\/wp\/v2\/types\/product"}],"version-history":[{"count":4,"href":"https:\/\/www.metalwireforms.com\/de\/wp-json\/wp\/v2\/product\/1132\/revisions"}],"predecessor-version":[{"id":1142,"href":"https:\/\/www.metalwireforms.com\/de\/wp-json\/wp\/v2\/product\/1132\/revisions\/1142"}],"wp:featuredmedia":[{"embeddable":true,"href":"https:\/\/www.metalwireforms.com\/de\/wp-json\/wp\/v2\/media\/1138"}],"wp:attachment":[{"href":"https:\/\/www.metalwireforms.com\/de\/wp-json\/wp\/v2\/media?parent=1132"}],"wp:term":[{"taxonomy":"product_brand","embeddable":true,"href":"https:\/\/www.metalwireforms.com\/de\/wp-json\/wp\/v2\/product_brand?post=1132"},{"taxonomy":"product_cat","embeddable":true,"href":"https:\/\/www.metalwireforms.com\/de\/wp-json\/wp\/v2\/product_cat?post=1132"},{"taxonomy":"product_tag","embeddable":true,"href":"https:\/\/www.metalwireforms.com\/de\/wp-json\/wp\/v2\/product_tag?post=1132"}],"curies":[{"name":"wp","href":"https:\/\/api.w.org\/{rel}","templated":true}]}}