{"id":1114,"date":"2021-09-16T08:33:14","date_gmt":"2021-09-16T08:33:14","guid":{"rendered":"https:\/\/www.xsmetalforming.com\/?post_type=product&#038;p=1114"},"modified":"2022-09-01T06:47:45","modified_gmt":"2022-09-01T06:47:45","slug":"custom-manganese-steel-high-elastic-tension-spring","status":"publish","type":"product","link":"https:\/\/www.metalwireforms.com\/de\/produkt\/custom-manganese-steel-high-elastic-tension-spring","title":{"rendered":"Kundenspezifische hochelastische Zugfeder aus Manganstahl"},"content":{"rendered":"<p>Zugfedern (auch Zugfedern genannt) sind schraubenf\u00f6rmige Federn, die eine axiale Spannung tragen. Zugfedern werden im Allgemeinen aus Materialien mit rundem Querschnitt hergestellt. Im unbelasteten Zustand sind die Windungen der Zugfeder in der Regel dicht und ohne Spalt.<\/p>\n<h3>Merkmal<\/h3>\n<p>Viele verschiedene Endger\u00e4te oder \"Haken\" werden verwendet, um die Quelle der Zugfeder zu sichern. Das Funktionsprinzip der Zugfeder ist dem der Druckfeder entgegengesetzt. Die Druckfeder wirkt in die entgegengesetzte Richtung, wenn sie zusammengedr\u00fcckt wird, und die Zugfeder wirkt in die entgegengesetzte Richtung, wenn sie gedehnt oder auseinandergezogen wird. Wenn die Enden der Zugfeder auseinandergezogen werden, versucht die Feder, sie wieder zusammenzuziehen. Wie Druckfedern nehmen auch Zugfedern Energie auf und speichern sie. Im Gegensatz zu Druckfedern stehen die meisten Zugfedern jedoch auch ohne Last unter einer gewissen Spannung. Diese Vorspannung bestimmt, wie straff die Zugfeder ohne Belastung gewickelt ist.<\/p>\n<p><img fetchpriority=\"high\" decoding=\"async\" class=\"alignnone wp-image-1119 size-large\" src=\"https:\/\/www.metalwireforms.com\/wp-content\/uploads\/2021\/09\/Tension-spring-5-985x1024.jpg\" alt=\"Zugfeder (5)\" width=\"985\" height=\"1024\" srcset=\"https:\/\/www.metalwireforms.com\/wp-content\/uploads\/2021\/09\/Tension-spring-5-985x1024.jpg 985w, https:\/\/www.metalwireforms.com\/wp-content\/uploads\/2021\/09\/Tension-spring-5-289x300.jpg 289w, https:\/\/www.metalwireforms.com\/wp-content\/uploads\/2021\/09\/Tension-spring-5-768x798.jpg 768w, https:\/\/www.metalwireforms.com\/wp-content\/uploads\/2021\/09\/Tension-spring-5-600x624.jpg 600w, https:\/\/www.metalwireforms.com\/wp-content\/uploads\/2021\/09\/Tension-spring-5.jpg 1443w\" sizes=\"(max-width: 985px) 100vw, 985px\" \/><\/p>\n<h3>Anmeldung<\/h3>\n<p>Zugfedern, auch Spiralzugfedern genannt, haben im Allgemeinen die gleiche Steigung und einen meist kreisf\u00f6rmigen Querschnitt. Sie k\u00f6nnen bei vielen Gelegenheiten eingesetzt werden, z. B. in der Produktion und Montage, bei Experimenten, in der Forschung und Entwicklung sowie bei der Wartung. Zugfedern nehmen auf dem Weltmarkt eine wichtige Stellung ein und werden in der Landesverteidigung, in der Schifffahrt, in Computern, in der Elektronik, im Automobilbau, in Formen, in der Medizin, in der Biochemie, in der Luft- und Raumfahrt, im Schienenverkehr, in der Kernkraft, in der Windkraft, in der W\u00e4rmekraft, in Baumaschinen, im Bergbau, in Baumaschinen, in Aufz\u00fcgen und in anderen Bereichen eingesetzt.<\/p>","protected":false},"excerpt":{"rendered":"<p>Zu den Hakenformen der Zugfeder geh\u00f6ren die seitliche Haken-Zugfeder, die lange Haken-Zugfeder, die englische Haken-Zugfeder, die deutsche Haken-Zugfeder, die halbrunde Haken-Zugfeder, der Entenschnabelhaken und so weiter. Zu den Materialien geh\u00f6ren Edelstahl, Klavierstahl, kohlenstoffreicher Stahl, Phosphorbronze, \u00f6lgeh\u00e4rteter legierter Federstahl usw.<\/p>","protected":false},"featured_media":1117,"template":"","meta":{"ocean_post_layout":"","ocean_both_sidebars_style":"","ocean_both_sidebars_content_width":0,"ocean_both_sidebars_sidebars_width":0,"ocean_sidebar":"0","ocean_second_sidebar":"0","ocean_disable_margins":"enable","ocean_add_body_class":"","ocean_shortcode_before_top_bar":"","ocean_shortcode_after_top_bar":"","ocean_shortcode_before_header":"","ocean_shortcode_after_header":"","ocean_has_shortcode":"","ocean_shortcode_after_title":"","ocean_shortcode_before_footer_widgets":"","ocean_shortcode_after_footer_widgets":"","ocean_shortcode_before_footer_bottom":"","ocean_shortcode_after_footer_bottom":"","ocean_display_top_bar":"default","ocean_display_header":"default","ocean_header_style":"","ocean_center_header_left_menu":"0","ocean_custom_header_template":"0","ocean_custom_logo":0,"ocean_custom_retina_logo":0,"ocean_custom_logo_max_width":0,"ocean_custom_logo_tablet_max_width":0,"ocean_custom_logo_mobile_max_width":0,"ocean_custom_logo_max_height":0,"ocean_custom_logo_tablet_max_height":0,"ocean_custom_logo_mobile_max_height":0,"ocean_header_custom_menu":"0","ocean_menu_typo_font_family":"0","ocean_menu_typo_font_subset":"","ocean_menu_typo_font_size":0,"ocean_menu_typo_font_size_tablet":0,"ocean_menu_typo_font_size_mobile":0,"ocean_menu_typo_font_size_unit":"px","ocean_menu_typo_font_weight":"","ocean_menu_typo_font_weight_tablet":"","ocean_menu_typo_font_weight_mobile":"","ocean_menu_typo_transform":"","ocean_menu_typo_transform_tablet":"","ocean_menu_typo_transform_mobile":"","ocean_menu_typo_line_height":0,"ocean_menu_typo_line_height_tablet":0,"ocean_menu_typo_line_height_mobile":0,"ocean_menu_typo_line_height_unit":"","ocean_menu_typo_spacing":0,"ocean_menu_typo_spacing_tablet":0,"ocean_menu_typo_spacing_mobile":0,"ocean_menu_typo_spacing_unit":"","ocean_menu_link_color":"","ocean_menu_link_color_hover":"","ocean_menu_link_color_active":"","ocean_menu_link_background":"","ocean_menu_link_hover_background":"","ocean_menu_link_active_background":"","ocean_menu_social_links_bg":"","ocean_menu_social_hover_links_bg":"","ocean_menu_social_links_color":"","ocean_menu_social_hover_links_color":"","ocean_disable_title":"default","ocean_disable_heading":"default","ocean_post_title":"","ocean_post_subheading":"","ocean_post_title_style":"","ocean_post_title_background_color":"","ocean_post_title_background":0,"ocean_post_title_bg_image_position":"","ocean_post_title_bg_image_attachment":"","ocean_post_title_bg_image_repeat":"","ocean_post_title_bg_image_size":"","ocean_post_title_height":0,"ocean_post_title_bg_overlay":0.5,"ocean_post_title_bg_overlay_color":"","ocean_disable_breadcrumbs":"default","ocean_breadcrumbs_color":"","ocean_breadcrumbs_separator_color":"","ocean_breadcrumbs_links_color":"","ocean_breadcrumbs_links_hover_color":"","ocean_display_footer_widgets":"default","ocean_display_footer_bottom":"default","ocean_custom_footer_template":"0","ofc_meta_disable_footer_callout":"","ofc_meta_callout_button_url":"","ofc_meta_callout_button_txt":"","ofc_meta_callout_text":"","osh_disable_topbar_sticky":"default","osh_disable_header_sticky":"default","osh_sticky_header_style":"default","osh_sticky_header_effect":"","osh_custom_sticky_logo":0,"osh_custom_retina_sticky_logo":0,"osh_custom_sticky_logo_height":0,"osh_background_color":"","osh_links_color":"","osh_links_hover_color":"","osh_links_active_color":"","osh_links_bg_color":"","osh_links_hover_bg_color":"","osh_links_active_bg_color":"","osh_menu_social_links_color":"","osh_menu_social_hover_links_color":""},"product_brand":[],"product_cat":[144,27],"product_tag":[57,56,55],"class_list":{"0":"post-1114","1":"product","2":"type-product","3":"status-publish","4":"has-post-thumbnail","6":"product_cat-custom-springs","7":"product_cat-custom-tension-springs","8":"product_tag-custom-tension-spring","9":"product_tag-tension-spring-machinery","10":"product_tag-tension-spring-wholesale","12":"entry","13":"has-media","15":"first","16":"instock","17":"shipping-taxable","18":"product-type-external","19":"col","20":"span_1_of_3","21":"owp-content-center","22":"owp-thumbs-layout-horizontal","23":"owp-btn-very-big","24":"owp-tabs-layout-horizontal","25":"circle-sale"},"_links":{"self":[{"href":"https:\/\/www.metalwireforms.com\/de\/wp-json\/wp\/v2\/product\/1114","targetHints":{"allow":["GET"]}}],"collection":[{"href":"https:\/\/www.metalwireforms.com\/de\/wp-json\/wp\/v2\/product"}],"about":[{"href":"https:\/\/www.metalwireforms.com\/de\/wp-json\/wp\/v2\/types\/product"}],"version-history":[{"count":1,"href":"https:\/\/www.metalwireforms.com\/de\/wp-json\/wp\/v2\/product\/1114\/revisions"}],"predecessor-version":[{"id":1120,"href":"https:\/\/www.metalwireforms.com\/de\/wp-json\/wp\/v2\/product\/1114\/revisions\/1120"}],"wp:featuredmedia":[{"embeddable":true,"href":"https:\/\/www.metalwireforms.com\/de\/wp-json\/wp\/v2\/media\/1117"}],"wp:attachment":[{"href":"https:\/\/www.metalwireforms.com\/de\/wp-json\/wp\/v2\/media?parent=1114"}],"wp:term":[{"taxonomy":"product_brand","embeddable":true,"href":"https:\/\/www.metalwireforms.com\/de\/wp-json\/wp\/v2\/product_brand?post=1114"},{"taxonomy":"product_cat","embeddable":true,"href":"https:\/\/www.metalwireforms.com\/de\/wp-json\/wp\/v2\/product_cat?post=1114"},{"taxonomy":"product_tag","embeddable":true,"href":"https:\/\/www.metalwireforms.com\/de\/wp-json\/wp\/v2\/product_tag?post=1114"}],"curies":[{"name":"wp","href":"https:\/\/api.w.org\/{rel}","templated":true}]}}