{"id":1101,"date":"2021-09-16T08:23:06","date_gmt":"2021-09-16T08:23:06","guid":{"rendered":"https:\/\/www.xsmetalforming.com\/?post_type=product&#038;p=1101"},"modified":"2022-09-01T06:48:52","modified_gmt":"2022-09-01T06:48:52","slug":"stainless-steel-304-torsion-spring-customized-manufacturer","status":"publish","type":"product","link":"https:\/\/www.metalwireforms.com\/de\/produkt\/stainless-steel-304-torsion-spring-customized-manufacturer","title":{"rendered":"Edelstahl 304 Torsionsfeder kundenspezifische Hersteller"},"content":{"rendered":"<p>Die Torsionsfeder ist eine Art mechanische Akkumulationsstruktur, die haupts\u00e4chlich in alten Ballistas und anderen Armbr\u00fcsten verwendet wird. Die Torsionsfeder akkumuliert Kraft durch Verdrehen oder Rotation des elastischen Materials mit weichem Material und gr\u00f6\u00dferer Z\u00e4higkeit und nutzt sie, um dem Projektil eine gewisse mechanische Energie zu verleihen.<\/p>\n<h3>Merkmal<\/h3>\n<p>Die Torsionsfeder ist eine Feder, die eine Torsionsverformung aush\u00e4lt, und ihr Arbeitsteil ist ebenfalls fest in eine Spiralform gewickelt. Die Endstruktur der Torsionsfeder ist ein Torsionsarm, der in verschiedenen Formen bearbeitet wird, nicht ein Hakenring. Die Torsionsfeder nutzt das Prinzip des Hebels, um das weiche und z\u00e4he elastische Material zu verdrehen oder zu drehen, so dass sie eine gro\u00dfe mechanische Energie hat.<\/p>\n<p><img fetchpriority=\"high\" decoding=\"async\" class=\"alignnone wp-image-1111 size-full\" src=\"https:\/\/www.metalwireforms.com\/wp-content\/uploads\/2021\/09\/torsion-spring-5.jpg\" alt=\"Torsionsfeder (5)\" width=\"762\" height=\"708\" srcset=\"https:\/\/www.metalwireforms.com\/wp-content\/uploads\/2021\/09\/torsion-spring-5.jpg 762w, https:\/\/www.metalwireforms.com\/wp-content\/uploads\/2021\/09\/torsion-spring-5-300x279.jpg 300w, https:\/\/www.metalwireforms.com\/wp-content\/uploads\/2021\/09\/torsion-spring-5-600x557.jpg 600w\" sizes=\"(max-width: 762px) 100vw, 762px\" \/><\/p>\n<h3>Anmeldung<\/h3>\n<p>Druckfeder-Drahtfedern werden in allen Bereichen von Haushaltsger\u00e4ten bis hin zu motorisierten Ger\u00e4ten, Motoren usw. verwendet, da sie die erforderliche Art von Feder ist. Durch die auf sie einwirkende Last oder ihre Enden werden zusammengedr\u00fcckt, die Druckfeder wird durch die Konstruktion des Drahtes zusammengedr\u00fcckt, der versucht, die Feder in ihre urspr\u00fcngliche Form zur\u00fcckzubringen, so dass die Last zur\u00fcckgedr\u00fcckt wird. Hauptanwendungsbereiche: medizinische Beatmungsger\u00e4te, mobile medizinische Ger\u00e4te, Handwerkzeuge, Haushaltsger\u00e4te, Sto\u00dfd\u00e4mpfer, Ventilfedern f\u00fcr Motoren.<\/p>","protected":false},"excerpt":{"rendered":"<p>Die Torsionsfeder ist eine Art mechanische Akkumulationsstruktur, die haupts\u00e4chlich in alten Ballistas und anderen Armbr\u00fcsten verwendet wird. Die Torsionsfeder akkumuliert Kraft durch Verdrehen oder Rotation des elastischen Materials mit weichem Material und gr\u00f6\u00dferer Z\u00e4higkeit und nutzt sie, um dem Projektil eine gewisse mechanische Energie zu verleihen.<\/p>","protected":false},"featured_media":1109,"template":"","meta":{"ocean_post_layout":"","ocean_both_sidebars_style":"","ocean_both_sidebars_content_width":0,"ocean_both_sidebars_sidebars_width":0,"ocean_sidebar":"0","ocean_second_sidebar":"0","ocean_disable_margins":"enable","ocean_add_body_class":"","ocean_shortcode_before_top_bar":"","ocean_shortcode_after_top_bar":"","ocean_shortcode_before_header":"","ocean_shortcode_after_header":"","ocean_has_shortcode":"","ocean_shortcode_after_title":"","ocean_shortcode_before_footer_widgets":"","ocean_shortcode_after_footer_widgets":"","ocean_shortcode_before_footer_bottom":"","ocean_shortcode_after_footer_bottom":"","ocean_display_top_bar":"default","ocean_display_header":"default","ocean_header_style":"","ocean_center_header_left_menu":"0","ocean_custom_header_template":"0","ocean_custom_logo":0,"ocean_custom_retina_logo":0,"ocean_custom_logo_max_width":0,"ocean_custom_logo_tablet_max_width":0,"ocean_custom_logo_mobile_max_width":0,"ocean_custom_logo_max_height":0,"ocean_custom_logo_tablet_max_height":0,"ocean_custom_logo_mobile_max_height":0,"ocean_header_custom_menu":"0","ocean_menu_typo_font_family":"0","ocean_menu_typo_font_subset":"","ocean_menu_typo_font_size":0,"ocean_menu_typo_font_size_tablet":0,"ocean_menu_typo_font_size_mobile":0,"ocean_menu_typo_font_size_unit":"px","ocean_menu_typo_font_weight":"","ocean_menu_typo_font_weight_tablet":"","ocean_menu_typo_font_weight_mobile":"","ocean_menu_typo_transform":"","ocean_menu_typo_transform_tablet":"","ocean_menu_typo_transform_mobile":"","ocean_menu_typo_line_height":0,"ocean_menu_typo_line_height_tablet":0,"ocean_menu_typo_line_height_mobile":0,"ocean_menu_typo_line_height_unit":"","ocean_menu_typo_spacing":0,"ocean_menu_typo_spacing_tablet":0,"ocean_menu_typo_spacing_mobile":0,"ocean_menu_typo_spacing_unit":"","ocean_menu_link_color":"","ocean_menu_link_color_hover":"","ocean_menu_link_color_active":"","ocean_menu_link_background":"","ocean_menu_link_hover_background":"","ocean_menu_link_active_background":"","ocean_menu_social_links_bg":"","ocean_menu_social_hover_links_bg":"","ocean_menu_social_links_color":"","ocean_menu_social_hover_links_color":"","ocean_disable_title":"default","ocean_disable_heading":"default","ocean_post_title":"","ocean_post_subheading":"","ocean_post_title_style":"","ocean_post_title_background_color":"","ocean_post_title_background":0,"ocean_post_title_bg_image_position":"","ocean_post_title_bg_image_attachment":"","ocean_post_title_bg_image_repeat":"","ocean_post_title_bg_image_size":"","ocean_post_title_height":0,"ocean_post_title_bg_overlay":0.5,"ocean_post_title_bg_overlay_color":"","ocean_disable_breadcrumbs":"default","ocean_breadcrumbs_color":"","ocean_breadcrumbs_separator_color":"","ocean_breadcrumbs_links_color":"","ocean_breadcrumbs_links_hover_color":"","ocean_display_footer_widgets":"default","ocean_display_footer_bottom":"default","ocean_custom_footer_template":"0","ofc_meta_disable_footer_callout":"","ofc_meta_callout_button_url":"","ofc_meta_callout_button_txt":"","ofc_meta_callout_text":"","osh_disable_topbar_sticky":"default","osh_disable_header_sticky":"default","osh_sticky_header_style":"default","osh_sticky_header_effect":"","osh_custom_sticky_logo":0,"osh_custom_retina_sticky_logo":0,"osh_custom_sticky_logo_height":0,"osh_background_color":"","osh_links_color":"","osh_links_hover_color":"","osh_links_active_color":"","osh_links_bg_color":"","osh_links_hover_bg_color":"","osh_links_active_bg_color":"","osh_menu_social_links_color":"","osh_menu_social_hover_links_color":""},"product_brand":[],"product_cat":[144,26],"product_tag":[54,51,52],"class_list":{"0":"post-1101","1":"product","2":"type-product","3":"status-publish","4":"has-post-thumbnail","6":"product_cat-custom-springs","7":"product_cat-custom-torsion-springs","8":"product_tag-torsion-spring","9":"product_tag-torsion-spring-customization","10":"product_tag-torsion-spring-production","12":"entry","13":"has-media","15":"first","16":"instock","17":"shipping-taxable","18":"product-type-external","19":"col","20":"span_1_of_3","21":"owp-content-center","22":"owp-thumbs-layout-horizontal","23":"owp-btn-very-big","24":"owp-tabs-layout-horizontal","25":"circle-sale"},"_links":{"self":[{"href":"https:\/\/www.metalwireforms.com\/de\/wp-json\/wp\/v2\/product\/1101","targetHints":{"allow":["GET"]}}],"collection":[{"href":"https:\/\/www.metalwireforms.com\/de\/wp-json\/wp\/v2\/product"}],"about":[{"href":"https:\/\/www.metalwireforms.com\/de\/wp-json\/wp\/v2\/types\/product"}],"version-history":[{"count":3,"href":"https:\/\/www.metalwireforms.com\/de\/wp-json\/wp\/v2\/product\/1101\/revisions"}],"predecessor-version":[{"id":1113,"href":"https:\/\/www.metalwireforms.com\/de\/wp-json\/wp\/v2\/product\/1101\/revisions\/1113"}],"wp:featuredmedia":[{"embeddable":true,"href":"https:\/\/www.metalwireforms.com\/de\/wp-json\/wp\/v2\/media\/1109"}],"wp:attachment":[{"href":"https:\/\/www.metalwireforms.com\/de\/wp-json\/wp\/v2\/media?parent=1101"}],"wp:term":[{"taxonomy":"product_brand","embeddable":true,"href":"https:\/\/www.metalwireforms.com\/de\/wp-json\/wp\/v2\/product_brand?post=1101"},{"taxonomy":"product_cat","embeddable":true,"href":"https:\/\/www.metalwireforms.com\/de\/wp-json\/wp\/v2\/product_cat?post=1101"},{"taxonomy":"product_tag","embeddable":true,"href":"https:\/\/www.metalwireforms.com\/de\/wp-json\/wp\/v2\/product_tag?post=1101"}],"curies":[{"name":"wp","href":"https:\/\/api.w.org\/{rel}","templated":true}]}}