{"id":904,"date":"2021-09-13T02:09:07","date_gmt":"2021-09-13T02:09:07","guid":{"rendered":"https:\/\/www.xsmetalforming.com\/?page_id=904"},"modified":"2021-09-27T01:44:48","modified_gmt":"2021-09-27T01:44:48","slug":"customized","status":"publish","type":"page","link":"https:\/\/www.metalwireforms.com\/de\/customized","title":{"rendered":"Kundenspezifisch"},"content":{"rendered":"<div data-elementor-type=\"wp-page\" data-elementor-id=\"904\" class=\"elementor elementor-904\">\n\t\t\t\t\t\t<section class=\"elementor-section elementor-top-section elementor-element elementor-element-704f311 elementor-section-boxed elementor-section-height-default elementor-section-height-default\" data-id=\"704f311\" data-element_type=\"section\">\n\t\t\t\t\t\t<div class=\"elementor-container elementor-column-gap-default\">\n\t\t\t\t\t<div class=\"elementor-column elementor-col-50 elementor-top-column elementor-element elementor-element-862c3e2\" data-id=\"862c3e2\" data-element_type=\"column\">\n\t\t\t<div class=\"elementor-widget-wrap elementor-element-populated\">\n\t\t\t\t\t\t<div class=\"elementor-element elementor-element-d520724 elementor-widget elementor-widget-image\" data-id=\"d520724\" data-element_type=\"widget\" data-widget_type=\"image.default\">\n\t\t\t\t<div class=\"elementor-widget-container\">\n\t\t\t\t\t\t\t\t\t\t\t\t\t\t\t<img fetchpriority=\"high\" decoding=\"async\" width=\"800\" height=\"533\" src=\"https:\/\/www.metalwireforms.com\/wp-content\/uploads\/2021\/09\/custom-compression-spring.jpg\" class=\"attachment-full size-full wp-image-1366\" alt=\"Druckfeder nach Ma\u00df\" srcset=\"https:\/\/www.metalwireforms.com\/wp-content\/uploads\/2021\/09\/custom-compression-spring.jpg 800w, https:\/\/www.metalwireforms.com\/wp-content\/uploads\/2021\/09\/custom-compression-spring-300x200.jpg 300w, https:\/\/www.metalwireforms.com\/wp-content\/uploads\/2021\/09\/custom-compression-spring-150x100.jpg 150w, https:\/\/www.metalwireforms.com\/wp-content\/uploads\/2021\/09\/custom-compression-spring-768x512.jpg 768w, https:\/\/www.metalwireforms.com\/wp-content\/uploads\/2021\/09\/custom-compression-spring-600x400.jpg 600w\" sizes=\"(max-width: 800px) 100vw, 800px\" \/>\t\t\t\t\t\t\t\t\t\t\t\t\t\t\t<\/div>\n\t\t\t\t<\/div>\n\t\t\t\t\t<\/div>\n\t\t<\/div>\n\t\t\t\t<div class=\"elementor-column elementor-col-50 elementor-top-column elementor-element elementor-element-65ced35\" data-id=\"65ced35\" data-element_type=\"column\" data-settings=\"{&quot;background_background&quot;:&quot;classic&quot;}\">\n\t\t\t<div class=\"elementor-widget-wrap elementor-element-populated\">\n\t\t\t\t\t\t<div class=\"elementor-element elementor-element-4300bbb elementor-widget elementor-widget-text-editor\" data-id=\"4300bbb\" data-element_type=\"widget\" data-widget_type=\"text-editor.default\">\n\t\t\t\t<div class=\"elementor-widget-container\">\n\t\t\t\t\t\t\t\t\t<p><strong>WARUM SOLLTEN SIE UNS F\u00dcR DIE ANPASSUNG W\u00c4HLEN?<\/strong><br \/>Unsere selbst entwickelten Produktionspr\u00fcfger\u00e4te verf\u00fcgen \u00fcber ein hochrangiges technisches Team mit mehr als 10 Jahren Erfahrung.<br \/>Wir w\u00e4hlen die Materialien sorgf\u00e4ltig aus, um eine lange Lebensdauer, gro\u00dfe H\u00e4rte, hohe Flexibilit\u00e4t und Korrosionsbest\u00e4ndigkeit zu gew\u00e4hrleisten.<br \/>Zun\u00e4chst einmal m\u00fcssen die Rohstoffe gepr\u00fcft werden. Zweitens, nach dem Salz-Test und vollst\u00e4ndige Inspektion des Produkts erreichen die Norm, ist es durch manuelle Z\u00e4hlung, Z\u00e4hlen Skala und Plattform-Waage best\u00e4tigt, um sicherzustellen, dass das Produkt in Qualit\u00e4t und Quantit\u00e4t garantiert ist.<br \/>Jede Art von Verpackung besteht aus hochwertigen speziellen Boutique-Kartons oder doppellagigen Nylontaschen, die je nach Kundenwunsch individuell gestaltet werden k\u00f6nnen.<br \/>Wir versenden in 3-7 Tagen f\u00fcr Sie so schnell wie m\u00f6glich, und wir haben die Zusammenarbeit mit professionellen Logistik, schnell, und sicherzustellen, dass die Ware in Ihre H\u00e4nde so schnell wie m\u00f6glich geliefert werden.<br \/>Wir bieten Ihnen hochwertige Tracking-Services w\u00e4hrend des gesamten Prozesses, vom Proofing \u00fcber die Best\u00e4tigung von Mustern bis hin zur Massenproduktion.<\/p>\t\t\t\t\t\t\t\t<\/div>\n\t\t\t\t<\/div>\n\t\t\t\t\t<\/div>\n\t\t<\/div>\n\t\t\t\t\t<\/div>\n\t\t<\/section>\n\t\t\t\t<section class=\"elementor-section elementor-top-section elementor-element elementor-element-14e934a elementor-section-boxed elementor-section-height-default elementor-section-height-default\" data-id=\"14e934a\" data-element_type=\"section\">\n\t\t\t\t\t\t<div class=\"elementor-container elementor-column-gap-default\">\n\t\t\t\t\t<div class=\"elementor-column elementor-col-50 elementor-top-column elementor-element elementor-element-62891bc\" data-id=\"62891bc\" data-element_type=\"column\" data-settings=\"{&quot;background_background&quot;:&quot;classic&quot;}\">\n\t\t\t<div class=\"elementor-widget-wrap elementor-element-populated\">\n\t\t\t\t\t\t<div class=\"elementor-element elementor-element-ba40b6b elementor-widget elementor-widget-text-editor\" data-id=\"ba40b6b\" data-element_type=\"widget\" data-widget_type=\"text-editor.default\">\n\t\t\t\t<div class=\"elementor-widget-container\">\n\t\t\t\t\t\t\t\t\t<p><strong>PERSONALISIERUNGSPROZESS<\/strong><br \/>1) Kunden senden Anfragen, konsultieren Muster oder Zeichnungen.<br \/>2) Legen Sie Musterzeichnungen vor, einschlie\u00dflich der notwendigen Parameterinformationen f\u00fcr die gelbe Feder, wie Drahtdurchmesser, Au\u00dfendurchmesser, L\u00e4nge, Anzahl der Windungen usw.<br \/>3) Die Mitarbeiter des Kundendienstes bewerten die individuellen Anforderungen des Kunden und erstellen Angebote.<br \/>4) Der Kunde best\u00e4tigt das kundenspezifische Projekt und den Kostenvoranschlag, einschlie\u00dflich der Produktionsmaterialien und der Produktionsverfahren.<br \/>5) Der Korrekturabzug wird fertiggestellt und an den Kunden geschickt, um zu best\u00e4tigen, dass er den Anforderungen entspricht.<br \/>6) Best\u00e4tigen Sie den Vertrag, \u00fcberweisen Sie die Anzahlung, und wir werden die kundenspezifischen Artikel herstellen.<br \/>7) Nachdem die Produktion abgeschlossen ist, verpacken wir die fertigen Produkte und bereiten sie f\u00fcr den Versand vor.<br \/>8) Nachdem der Kunde die Mitteilung \u00fcber die Fertigstellung der Produktion und der Verpackung erhalten und den Restbetrag bezahlt hat, werden wir die Lieferung veranlassen.<\/p>\t\t\t\t\t\t\t\t<\/div>\n\t\t\t\t<\/div>\n\t\t\t\t\t<\/div>\n\t\t<\/div>\n\t\t\t\t<div class=\"elementor-column elementor-col-50 elementor-top-column elementor-element elementor-element-06f9a13\" data-id=\"06f9a13\" data-element_type=\"column\">\n\t\t\t<div class=\"elementor-widget-wrap elementor-element-populated\">\n\t\t\t\t\t\t<div class=\"elementor-element elementor-element-857bd92 elementor-widget elementor-widget-image\" data-id=\"857bd92\" data-element_type=\"widget\" data-widget_type=\"image.default\">\n\t\t\t\t<div class=\"elementor-widget-container\">\n\t\t\t\t\t\t\t\t\t\t\t\t\t\t\t<img decoding=\"async\" width=\"800\" height=\"533\" src=\"https:\/\/www.metalwireforms.com\/wp-content\/uploads\/2021\/09\/custom-torsion-spring.jpg\" class=\"attachment-full size-full wp-image-1368\" alt=\"benutzerdefinierte Torsionsfeder\" srcset=\"https:\/\/www.metalwireforms.com\/wp-content\/uploads\/2021\/09\/custom-torsion-spring.jpg 800w, https:\/\/www.metalwireforms.com\/wp-content\/uploads\/2021\/09\/custom-torsion-spring-300x200.jpg 300w, https:\/\/www.metalwireforms.com\/wp-content\/uploads\/2021\/09\/custom-torsion-spring-150x100.jpg 150w, https:\/\/www.metalwireforms.com\/wp-content\/uploads\/2021\/09\/custom-torsion-spring-768x512.jpg 768w, https:\/\/www.metalwireforms.com\/wp-content\/uploads\/2021\/09\/custom-torsion-spring-600x400.jpg 600w\" sizes=\"(max-width: 800px) 100vw, 800px\" \/>\t\t\t\t\t\t\t\t\t\t\t\t\t\t\t<\/div>\n\t\t\t\t<\/div>\n\t\t\t\t\t<\/div>\n\t\t<\/div>\n\t\t\t\t\t<\/div>\n\t\t<\/section>\n\t\t\t\t<section class=\"elementor-section elementor-top-section elementor-element elementor-element-f72f75d elementor-section-boxed elementor-section-height-default elementor-section-height-default\" data-id=\"f72f75d\" data-element_type=\"section\">\n\t\t\t\t\t\t<div class=\"elementor-container elementor-column-gap-default\">\n\t\t\t\t\t<div class=\"elementor-column elementor-col-50 elementor-top-column elementor-element elementor-element-e98d616\" data-id=\"e98d616\" data-element_type=\"column\">\n\t\t\t<div class=\"elementor-widget-wrap elementor-element-populated\">\n\t\t\t\t\t\t<div class=\"elementor-element elementor-element-a8d1016 elementor-widget elementor-widget-image\" data-id=\"a8d1016\" data-element_type=\"widget\" data-widget_type=\"image.default\">\n\t\t\t\t<div class=\"elementor-widget-container\">\n\t\t\t\t\t\t\t\t\t\t\t\t\t\t\t<img decoding=\"async\" width=\"800\" height=\"534\" src=\"https:\/\/www.metalwireforms.com\/wp-content\/uploads\/2021\/09\/custom-metal-hook.jpg\" class=\"attachment-full size-full wp-image-1369\" alt=\"kundenspezifischer Metallhaken\" srcset=\"https:\/\/www.metalwireforms.com\/wp-content\/uploads\/2021\/09\/custom-metal-hook.jpg 800w, https:\/\/www.metalwireforms.com\/wp-content\/uploads\/2021\/09\/custom-metal-hook-300x200.jpg 300w, https:\/\/www.metalwireforms.com\/wp-content\/uploads\/2021\/09\/custom-metal-hook-150x100.jpg 150w, https:\/\/www.metalwireforms.com\/wp-content\/uploads\/2021\/09\/custom-metal-hook-768x513.jpg 768w, https:\/\/www.metalwireforms.com\/wp-content\/uploads\/2021\/09\/custom-metal-hook-600x401.jpg 600w\" sizes=\"(max-width: 800px) 100vw, 800px\" \/>\t\t\t\t\t\t\t\t\t\t\t\t\t\t\t<\/div>\n\t\t\t\t<\/div>\n\t\t\t\t\t<\/div>\n\t\t<\/div>\n\t\t\t\t<div class=\"elementor-column elementor-col-50 elementor-top-column elementor-element elementor-element-1e35dd1\" data-id=\"1e35dd1\" data-element_type=\"column\" data-settings=\"{&quot;background_background&quot;:&quot;classic&quot;}\">\n\t\t\t<div class=\"elementor-widget-wrap elementor-element-populated\">\n\t\t\t\t\t\t<div class=\"elementor-element elementor-element-50f5315 elementor-widget elementor-widget-text-editor\" data-id=\"50f5315\" data-element_type=\"widget\" data-widget_type=\"text-editor.default\">\n\t\t\t\t<div class=\"elementor-widget-container\">\n\t\t\t\t\t\t\t\t\t<p><strong>FEDERMATERIAL<\/strong><br \/>Die Federwerkstoffe sind sehr vielf\u00e4ltig. Von den Materialqualit\u00e4ten her k\u00f6nnen sie einfach unterteilt werden in: Serie von kohlenstoffreichem Stahl, Serie von rostfreiem Stahl, Serie von \u00f6lgeh\u00e4rteten Legierungen, Serie von Kupferlegierungen, Serie von Nickel-Chrom-Legierungen, Serie von Nickel-Kobalt-Legierungen, Serie von Molybd\u00e4n-Titan und andere spezielle Legierungen. Sie k\u00f6nnen weiter unterteilt werden in: Draht aus kohlenstoffreichem Stahl, Draht aus Klavierstahl, Draht aus ausscheidungsgeh\u00e4rtetem rostfreiem Stahl, Draht aus doppeltem rostfreiem Stahl, versilberter Beryllium-Kupfer-Draht, Nickel-Legierung auf Eisenbasis, Kobalt-Nickel-Komplex-Molybd\u00e4n-Legierung, Draht aus Titanlegierungen, Draht aus medizinischen Legierungen.<br \/>Nach der h\u00e4ufigsten Verwendung k\u00f6nnen wir sie in zwei Hauptkategorien einteilen: allgemein verwendete Hauptmaterialien und spezielle veredelte Materialien. \u00dcblicherweise verwendete Hauptmaterialien sind die am h\u00e4ufigsten verwendeten Materialien f\u00fcr mehr als 80% der t\u00e4glichen Produktion. Unsere Anforderungen an sie sind ausgezeichnete Qualit\u00e4t, Stabilit\u00e4t und Zuverl\u00e4ssigkeit. Wenn wir solche Hauptmaterialien verwenden, geben wir international bekannte Marken und Markennummern an, um die Qualit\u00e4t der Produkte zu gew\u00e4hrleisten. Spezielle Feinwerkstoffe werden haupts\u00e4chlich verwendet, um die besonderen Anforderungen der Kunden an die Federleistung zu erf\u00fcllen.<\/p>\t\t\t\t\t\t\t\t<\/div>\n\t\t\t\t<\/div>\n\t\t\t\t\t<\/div>\n\t\t<\/div>\n\t\t\t\t\t<\/div>\n\t\t<\/section>\n\t\t\t\t<section class=\"elementor-section elementor-top-section elementor-element elementor-element-3327abe elementor-section-boxed elementor-section-height-default elementor-section-height-default\" data-id=\"3327abe\" data-element_type=\"section\">\n\t\t\t\t\t\t<div class=\"elementor-container elementor-column-gap-default\">\n\t\t\t\t\t<div class=\"elementor-column elementor-col-50 elementor-top-column elementor-element elementor-element-a9ea76c\" data-id=\"a9ea76c\" data-element_type=\"column\" data-settings=\"{&quot;background_background&quot;:&quot;classic&quot;}\">\n\t\t\t<div class=\"elementor-widget-wrap elementor-element-populated\">\n\t\t\t\t\t\t<div class=\"elementor-element elementor-element-7823e3c elementor-widget elementor-widget-text-editor\" data-id=\"7823e3c\" data-element_type=\"widget\" data-widget_type=\"text-editor.default\">\n\t\t\t\t<div class=\"elementor-widget-container\">\n\t\t\t\t\t\t\t\t\t<p><strong>PRODUKTIONSPROZESS<\/strong><br \/>Die Verarbeitungstechnologie umfasst: Wickeltechnik, Stanztechnik, Crimptechnik, Weidenverbindungstechnik, Verbundtechnik. Die Hauptfunktion besteht darin, sicherzustellen, dass die Feder in der gew\u00fcnschten Form und Gr\u00f6\u00dfe gewickelt oder ausgestanzt wird.<br \/>Das W\u00e4rmebehandlungsverfahren umfasst: Anlassen bei mittleren und niedrigen Temperaturen, Verg\u00fcten bei hohen Temperaturen, Bleibad, Salzbad, Mischkristallh\u00e4rtung. Die Hauptfunktion besteht darin, die relevanten Eigenschaften des Materials wesentlich zu verbessern.<br \/>Der Nachbearbeitungsprozess umfasst: Vorpressen, vorbehaltene Verformung, Hei\u00dfpressen, Vibrationsschleifen, Polieren. Die Hauptfunktion besteht darin, die Leistung der Feder zu erh\u00f6hen und das Aussehen der Feder zu verbessern.<br \/>Zu den Oberfl\u00e4chenbehandlungsverfahren geh\u00f6ren: galvanisches Verzinken, Vernickeln, Verchromen, Vergolden, Versilbern, Dacromet und Geomet, Elektrophorese und Spr\u00fchen, Teflon und Phosphatieren, Verseifen, Beflocken und Verkapseln. Die Hauptfunktion besteht darin, die Korrosionsbest\u00e4ndigkeit, die H\u00e4rte, die Verschlei\u00dffestigkeit und die elektrische Leitf\u00e4higkeit der Oberfl\u00e4che zu verbessern, und sie kann auch der \u00c4sthetik der Oberfl\u00e4che dienen.<\/p>\t\t\t\t\t\t\t\t<\/div>\n\t\t\t\t<\/div>\n\t\t\t\t\t<\/div>\n\t\t<\/div>\n\t\t\t\t<div class=\"elementor-column elementor-col-50 elementor-top-column elementor-element elementor-element-55f0690\" data-id=\"55f0690\" data-element_type=\"column\">\n\t\t\t<div class=\"elementor-widget-wrap elementor-element-populated\">\n\t\t\t\t\t\t<div class=\"elementor-element elementor-element-29f53a0 elementor-widget elementor-widget-image\" data-id=\"29f53a0\" data-element_type=\"widget\" data-widget_type=\"image.default\">\n\t\t\t\t<div class=\"elementor-widget-container\">\n\t\t\t\t\t\t\t\t\t\t\t\t\t\t\t<img loading=\"lazy\" decoding=\"async\" width=\"800\" height=\"533\" src=\"https:\/\/www.metalwireforms.com\/wp-content\/uploads\/2021\/09\/custom-metal-clip-.jpg\" class=\"attachment-full size-full wp-image-1367\" alt=\"kundenspezifische Metallklammer\" srcset=\"https:\/\/www.metalwireforms.com\/wp-content\/uploads\/2021\/09\/custom-metal-clip-.jpg 800w, https:\/\/www.metalwireforms.com\/wp-content\/uploads\/2021\/09\/custom-metal-clip--300x200.jpg 300w, https:\/\/www.metalwireforms.com\/wp-content\/uploads\/2021\/09\/custom-metal-clip--150x100.jpg 150w, https:\/\/www.metalwireforms.com\/wp-content\/uploads\/2021\/09\/custom-metal-clip--768x512.jpg 768w, https:\/\/www.metalwireforms.com\/wp-content\/uploads\/2021\/09\/custom-metal-clip--600x400.jpg 600w\" sizes=\"(max-width: 800px) 100vw, 800px\" \/>\t\t\t\t\t\t\t\t\t\t\t\t\t\t\t<\/div>\n\t\t\t\t<\/div>\n\t\t\t\t\t<\/div>\n\t\t<\/div>\n\t\t\t\t\t<\/div>\n\t\t<\/section>\n\t\t\t\t<\/div>","protected":false},"excerpt":{"rendered":"<p>WARUM SOLLTEN SIE UNS F\u00dcR EINE KUNDENANFERTIGUNG AUSW\u00c4HLEN?Unsere selbstentwickelte Produktionspr\u00fcfanlage verf\u00fcgt \u00fcber ein erfahrenes technisches Team mit mehr als 10 Jahren Erfahrung.Wir w\u00e4hlen die Materialien sorgf\u00e4ltig aus, um eine lange Lebensdauer, gro\u00dfe H\u00e4rte, hohe Flexibilit\u00e4t und Korrosionsbest\u00e4ndigkeit zu gew\u00e4hrleisten.Zun\u00e4chst m\u00fcssen die Rohstoffe getestet werden. Zweitens, nach dem Salztest und der vollst\u00e4ndigen Inspektion des Produkts [...]<\/p>","protected":false},"author":1,"featured_media":0,"parent":0,"menu_order":0,"comment_status":"closed","ping_status":"closed","template":"elementor_header_footer","meta":{"ocean_post_layout":"","ocean_both_sidebars_style":"","ocean_both_sidebars_content_width":0,"ocean_both_sidebars_sidebars_width":0,"ocean_sidebar":"0","ocean_second_sidebar":"0","ocean_disable_margins":"enable","ocean_add_body_class":"","ocean_shortcode_before_top_bar":"","ocean_shortcode_after_top_bar":"","ocean_shortcode_before_header":"","ocean_shortcode_after_header":"","ocean_has_shortcode":"","ocean_shortcode_after_title":"","ocean_shortcode_before_footer_widgets":"","ocean_shortcode_after_footer_widgets":"","ocean_shortcode_before_footer_bottom":"","ocean_shortcode_after_footer_bottom":"","ocean_display_top_bar":"default","ocean_display_header":"default","ocean_header_style":"","ocean_center_header_left_menu":"0","ocean_custom_header_template":"0","ocean_custom_logo":0,"ocean_custom_retina_logo":0,"ocean_custom_logo_max_width":0,"ocean_custom_logo_tablet_max_width":0,"ocean_custom_logo_mobile_max_width":0,"ocean_custom_logo_max_height":0,"ocean_custom_logo_tablet_max_height":0,"ocean_custom_logo_mobile_max_height":0,"ocean_header_custom_menu":"0","ocean_menu_typo_font_family":"0","ocean_menu_typo_font_subset":"","ocean_menu_typo_font_size":0,"ocean_menu_typo_font_size_tablet":0,"ocean_menu_typo_font_size_mobile":0,"ocean_menu_typo_font_size_unit":"px","ocean_menu_typo_font_weight":"","ocean_menu_typo_font_weight_tablet":"","ocean_menu_typo_font_weight_mobile":"","ocean_menu_typo_transform":"","ocean_menu_typo_transform_tablet":"","ocean_menu_typo_transform_mobile":"","ocean_menu_typo_line_height":0,"ocean_menu_typo_line_height_tablet":0,"ocean_menu_typo_line_height_mobile":0,"ocean_menu_typo_line_height_unit":"","ocean_menu_typo_spacing":0,"ocean_menu_typo_spacing_tablet":0,"ocean_menu_typo_spacing_mobile":0,"ocean_menu_typo_spacing_unit":"","ocean_menu_link_color":"","ocean_menu_link_color_hover":"","ocean_menu_link_color_active":"","ocean_menu_link_background":"","ocean_menu_link_hover_background":"","ocean_menu_link_active_background":"","ocean_menu_social_links_bg":"","ocean_menu_social_hover_links_bg":"","ocean_menu_social_links_color":"","ocean_menu_social_hover_links_color":"","ocean_disable_title":"default","ocean_disable_heading":"default","ocean_post_title":"","ocean_post_subheading":"","ocean_post_title_style":"","ocean_post_title_background_color":"","ocean_post_title_background":0,"ocean_post_title_bg_image_position":"","ocean_post_title_bg_image_attachment":"","ocean_post_title_bg_image_repeat":"","ocean_post_title_bg_image_size":"","ocean_post_title_height":0,"ocean_post_title_bg_overlay":0.5,"ocean_post_title_bg_overlay_color":"","ocean_disable_breadcrumbs":"default","ocean_breadcrumbs_color":"","ocean_breadcrumbs_separator_color":"","ocean_breadcrumbs_links_color":"","ocean_breadcrumbs_links_hover_color":"","ocean_display_footer_widgets":"default","ocean_display_footer_bottom":"default","ocean_custom_footer_template":"0","ofc_meta_disable_footer_callout":"","ofc_meta_callout_button_url":"","ofc_meta_callout_button_txt":"","ofc_meta_callout_text":"","osh_disable_topbar_sticky":"default","osh_disable_header_sticky":"default","osh_sticky_header_style":"default","osh_sticky_header_effect":"","osh_custom_sticky_logo":0,"osh_custom_retina_sticky_logo":0,"osh_custom_sticky_logo_height":0,"osh_background_color":"","osh_links_color":"","osh_links_hover_color":"","osh_links_active_color":"","osh_links_bg_color":"","osh_links_hover_bg_color":"","osh_links_active_bg_color":"","osh_menu_social_links_color":"","osh_menu_social_hover_links_color":"","footnotes":""},"class_list":["post-904","page","type-page","status-publish","hentry","entry","owp-thumbs-layout-horizontal","owp-btn-very-big","owp-tabs-layout-horizontal","has-no-thumbnails","circle-sale"],"_links":{"self":[{"href":"https:\/\/www.metalwireforms.com\/de\/wp-json\/wp\/v2\/pages\/904","targetHints":{"allow":["GET"]}}],"collection":[{"href":"https:\/\/www.metalwireforms.com\/de\/wp-json\/wp\/v2\/pages"}],"about":[{"href":"https:\/\/www.metalwireforms.com\/de\/wp-json\/wp\/v2\/types\/page"}],"author":[{"embeddable":true,"href":"https:\/\/www.metalwireforms.com\/de\/wp-json\/wp\/v2\/users\/1"}],"replies":[{"embeddable":true,"href":"https:\/\/www.metalwireforms.com\/de\/wp-json\/wp\/v2\/comments?post=904"}],"version-history":[{"count":22,"href":"https:\/\/www.metalwireforms.com\/de\/wp-json\/wp\/v2\/pages\/904\/revisions"}],"predecessor-version":[{"id":1516,"href":"https:\/\/www.metalwireforms.com\/de\/wp-json\/wp\/v2\/pages\/904\/revisions\/1516"}],"wp:attachment":[{"href":"https:\/\/www.metalwireforms.com\/de\/wp-json\/wp\/v2\/media?parent=904"}],"curies":[{"name":"wp","href":"https:\/\/api.w.org\/{rel}","templated":true}]}}